{"id":2537,"date":"2023-11-22T14:03:35","date_gmt":"2023-11-22T14:03:35","guid":{"rendered":"https:\/\/onzasanxenxo.com\/?page_id=2537"},"modified":"2023-11-22T14:05:40","modified_gmt":"2023-11-22T14:05:40","slug":"politicas-de-cookies","status":"publish","type":"page","link":"https:\/\/onzasanxenxo.com\/index.php\/es\/politicas-de-cookies\/","title":{"rendered":"Pol\u00edticas de cookies"},"content":{"rendered":"<p>[et_pb_section fb_built=\u00bb1&#8243; _builder_version=\u00bb4.16&#8243; global_colors_info=\u00bb{}\u00bb][et_pb_row _builder_version=\u00bb4.16&#8243; background_size=\u00bbinitial\u00bb background_position=\u00bbtop_left\u00bb background_repeat=\u00bbrepeat\u00bb global_colors_info=\u00bb{}\u00bb][et_pb_column type=\u00bb4_4&#8243; _builder_version=\u00bb4.16&#8243; custom_padding=\u00bb|||\u00bb global_colors_info=\u00bb{}\u00bb custom_padding__hover=\u00bb|||\u00bb][et_pb_text _builder_version=\u00bb4.23.1&#8243; background_size=\u00bbinitial\u00bb background_position=\u00bbtop_left\u00bb background_repeat=\u00bbrepeat\u00bb custom_margin=\u00bb8%||8%||true|false\u00bb global_colors_info=\u00bb{}\u00bb]<\/p>\n<h1 class=\"entry-title main_title\">Pol\u00edtica de cookies<\/h1>\n<div class=\"entry-content\">\n<p>Una cookie es un fichero que se descarga en su ordenador al acceder a determinadas p\u00e1ginas web. Las cookies permiten a las p\u00e1ginas web, entre otras cosas, almacenar y recuperar informaci\u00f3n sobre los h\u00e1bitos de navegaci\u00f3n de un usuario o de su equipo y, dependiendo de la informaci\u00f3n que contengan y de la forma en que utilice su equipo, pueden utilizarse para reconocer al usuario.<\/p>\n<h4 class=\"wp-block-heading\">Cookies t\u00e9cnicas<\/h4>\n<p>Son aqu\u00e9llas que permiten al usuario la navegaci\u00f3n a trav\u00e9s de una p\u00e1gina web, plataforma o aplicaci\u00f3n y la utilizaci\u00f3n de las diferentes opciones o servicios que en ella existan como, por ejemplo, controlar el tr\u00e1fico y la comunicaci\u00f3n de datos, identificar la sesi\u00f3n, acceder a partes de acceso restringido, recordar los elementos que integran un pedido, realizar el proceso de compra de un pedido, realizar la solicitud de inscripci\u00f3n o participaci\u00f3n en un evento, utilizar elementos de seguridad durante la navegaci\u00f3n, almacenar contenidos para la difusi\u00f3n de videos o sonido o compartir contenidos a trav\u00e9s de redes sociales.<\/p>\n<h4 class=\"wp-block-heading\">Cookies de personalizaci\u00f3n<\/h4>\n<p>Son aqu\u00e9llas que permiten al usuario acceder al servicio con algunas caracter\u00edsticas de car\u00e1cter general predefinidas en funci\u00f3n de una serie de criterios en el terminal del usuario como por ejemplo serian el idioma, el tipo de navegador a trav\u00e9s del cual accede al servicio, la configuraci\u00f3n regional desde donde accede al servicio, etc.<\/p>\n<h4 class=\"wp-block-heading\">Cookies de an\u00e1lisis<\/h4>\n<p>Son aqu\u00e9llas que permiten al responsable de las mismas, el seguimiento y an\u00e1lisis del comportamiento de los usuarios de los sitios web a los que est\u00e1n vinculadas. La informaci\u00f3n recogida mediante este tipo de cookies se utiliza en la medici\u00f3n de la actividad de los sitios web, aplicaci\u00f3n o plataforma y para la elaboraci\u00f3n de perfiles de navegaci\u00f3n de los usuarios de dichos sitios, aplicaciones y plataformas, con el fin de introducir mejoras en funci\u00f3n del an\u00e1lisis de los datos de uso que hacen los usuarios del servicio.<\/p>\n<h4 class=\"wp-block-heading\">Cookies publicitarias<\/h4>\n<p>Son aqu\u00e9llas que permiten la gesti\u00f3n, de la forma m\u00e1s eficaz posible, de los espacios publicitarios que, en su caso, el editor haya incluido en una p\u00e1gina web, aplicaci\u00f3n o plataforma desde la que presta el servicio solicitado en base a criterios como el contenido editado o la frecuencia en la que se muestran los anuncios.<\/p>\n<h4 class=\"wp-block-heading\">Cookies de publicidad comportamental<\/h4>\n<p>Son aqu\u00e9llas que permiten la gesti\u00f3n, de la forma m\u00e1s eficaz posible, de los espacios publicitarios que, en su caso, el editor haya incluido en una p\u00e1gina web, aplicaci\u00f3n o plataforma desde la que presta el servicio solicitado. Estas cookies almacenan informaci\u00f3n del comportamiento de los usuarios obtenida a trav\u00e9s de la observaci\u00f3n continuada de sus h\u00e1bitos de navegaci\u00f3n, lo que permite desarrollar un perfil espec\u00edfico para mostrar publicidad en funci\u00f3n del mismo.<\/p>\n<h4 class=\"wp-block-heading\">C\u00d3MO BLOQUEAR O ELIMINAR LAS COOKIES INSTALADAS EN SU EQUIPO<\/h4>\n<p>Si usted prefiere no habilitar las cookies, puede bloquearlas o eliminarlas en su navegador:<br \/>\u2022 C\u00f3mo administrar cookies en\u00a0<a href=\"https:\/\/support.google.com\/chrome\/answer\/95647?hl=es\" target=\"_blank\" rel=\"noreferrer noopener\">Google Chrome<\/a><br \/>\u2022 C\u00f3mo administrar cookies en\u00a0<a href=\"https:\/\/support.microsoft.com\/es-es\/help\/17442\/windows-internet-explorer-delete-manage-cookies#ie=ie-10\" target=\"_blank\" rel=\"noreferrer noopener\">Microsoft Internet Explorer<\/a><br \/>\u2022 C\u00f3mo administrar cookies en\u00a0<a href=\"https:\/\/support.mozilla.org\/es\/kb\/habilitar-y-deshabilitar-cookies-sitios-web-rastrear-preferencias?e=es&amp;redirectlocale=es&amp;as=s7&amp;s=cookie&amp;r=1&amp;redirectslug=Habilitar+y+deshabilitar+cookies\" target=\"_blank\" rel=\"noreferrer noopener\">Mozilla FireFox<\/a><br \/>\u2022 C\u00f3mo administrar cookies en\u00a0<a href=\"http:\/\/safari.helpmax.net\/es\/privacidad-y-seguridad\/como-gestionar-las-cookies\/\" target=\"_blank\" rel=\"noreferrer noopener\">Apple Safari<\/a><\/p>\n<p>&nbsp;<\/p>\n<\/div>\n<p>[\/et_pb_text][\/et_pb_column][\/et_pb_row][\/et_pb_section]<\/p>\n","protected":false},"excerpt":{"rendered":"<p>Pol\u00edtica de cookies Una cookie es un fichero que se descarga en su ordenador al acceder a determinadas p\u00e1ginas web. Las cookies permiten a las p\u00e1ginas web, entre otras cosas, almacenar y recuperar informaci\u00f3n sobre los h\u00e1bitos de navegaci\u00f3n de un usuario o de su equipo y, dependiendo de la informaci\u00f3n que contengan y de [&hellip;]<\/p>\n","protected":false},"author":1,"featured_media":0,"parent":0,"menu_order":0,"comment_status":"closed","ping_status":"closed","template":"","meta":{"_et_pb_use_builder":"on","_et_pb_old_content":"<div class=\"et_pb_module et_pb_post_title et_pb_post_title_0 et_pb_bg_layout_light et_pb_text_align_left\">\r\n<div class=\"et_pb_title_container\">\r\n<h1>Aviso Legal<\/h1>\r\nExponemos a continuaci\u00f3n los datos necesarios para el debido cumplimiento del art\u00edculo 10 de la Ley 34\/2002, de 11 de julio, de Servicios de la Sociedad de la Informaci\u00f3n y Comercio Electr\u00f3nico:\r\nEl titular de esta p\u00e1gina web es CARLOS SABOR CAMI\u00d1A, con DNI 76824535G\u00a0 y domicilio fiscal en Independencia 6 P02, Portonovo (Sanxenxo). Para contactar con nosotros podr\u00e1s hacerlo a trav\u00e9s del correo electr\u00f3nico lopd@onzasanxenxo.com.\r\n<h1>Objeto de la web<\/h1>\r\nEl sitio web www.onzasanxenxo.com ha sido dise\u00f1ado para vender a particulares los servicios de alquiler de las embarcaciones asociadas. La web puede contener errores tipogr\u00e1ficos que podr\u00e1n ser resueltos personalmente por el equipo. En estos casos, nos reservamos el derecho de cancelar los pedidos.\r\n<h1 class=\"entry-title\">Pol\u00edtica de Protecci\u00f3n de Datos<\/h1>\r\n<\/div>\r\n<\/div>\r\n<div class=\"et_pb_module et_pb_text et_pb_text_0 et_pb_bg_layout_light et_pb_text_align_left\">\r\n<div class=\"et_pb_text_inner\">\r\n\r\n<strong>Protecci\u00f3n de Datos \u2013 Correos Electr\u00f3nicos<\/strong>\r\n\r\nINFORMACI\u00d3N B\u00c1SICA SOBRE PROTECCI\u00d3N DE DATOS: De conformidad a lo dispuesto en la actual normativa de Protecci\u00f3n de Datos de Car\u00e1cter personal, le informamos que el responsable de tratamiento de los datos de car\u00e1cter personal recogidos es CARLOS SABOR CAMI\u00d1A, cuya finalidad es poder atender las consultas y cualquier tipo de gesti\u00f3n realizada por este medio de comunicaci\u00f3n. Sus datos no se ceder\u00e1n a terceros, salvo por obligaci\u00f3n legal.\r\nTiene usted derecho a acceder, rectificar o suprimir los datos err\u00f3neos, solicitar la limitaci\u00f3n del tratamiento de sus datos as\u00ed como oponerse o retirar el consentimiento en cualquier momento. Puede presentar su propia solicitud acompa\u00f1ada de una copia de su DNI para acreditar su identidad en lopd@onzasanxenxo.com\r\nPuede consultar la informaci\u00f3n adicional y detallada sobre Protecci\u00f3n de Datos solicit\u00e1ndola por correo electr\u00f3nico: lopd@onzasanxenxo.com\r\n\r\n<strong>Pol\u00edtica de Protecci\u00f3n de Datos<\/strong>\r\n\r\nDe acuerdo con lo establecido por la normativa de Protecci\u00f3n de Datos de Car\u00e1cter Personal, le informamos que est\u00e1 facilitando sus datos de car\u00e1cter personal al Responsable de Tratamiento: CARLOS SABOR CAMI\u00d1A, con direcci\u00f3n en Independencia 6 P02 \u2013 Portonovo - Sanxenxo, Espa\u00f1a y correo electr\u00f3nico lopd@onzasanxenxo.com.\r\n\r\n<strong>1. Finalidad del Tratamiento<\/strong>\r\nLos datos recopilados ser\u00e1n \u00fanicamente los detallados en el formulario de contacto, as\u00ed como aquellos que usted mismo nos facilite en el apartado \u201cComentarios\u201d. CARLOS SABOR CAMI\u00d1A podr\u00e1 tratar sus datos de car\u00e1cter personal de acuerdo con las siguientes finalidades:\r\n* Gestionar su navegaci\u00f3n a trav\u00e9s del Sitio Web.\r\n* Gestionar el servicio de Atenci\u00f3n al Cliente, para dar respuesta a las dudas, quejas, comentarios o inquietudes que pueda tener relativas a la informaci\u00f3n incluida en el Sitio Web, as\u00ed como cualesquiera otras consultas que pueda tener.\r\n* Gestionar el cumplimiento, mantenimiento, desarrollo y control de cualesquiera relaciones que CARLOS SABOR CAMI\u00d1A mantenga con usted.\r\nEl hecho de no facilitar cierta informaci\u00f3n se\u00f1alada como obligatoria, puede conllevar que no sea posible gestionar su petici\u00f3n a trav\u00e9s del formulario de contacto.\r\nEn el caso de que nos aporte Datos Personales de terceros, usted se responsabiliza de haber informado y haber obtenido el consentimiento de estos para ser aportados con las finalidades indicadas en los apartados correspondientes de la presente Pol\u00edtica de\u00a0Privacidad y Cookies.\r\n\r\n<strong>2. Legitimaci\u00f3n del Tratamiento de sus Datos de Car\u00e1cter Personal<\/strong>\r\nLa legitimaci\u00f3n se basa en el consentimiento que usted nos otorga al clicar el bot\u00f3n \u201cACEPTO LA POL\u00cdTICA DE PROTECCI\u00d3N DE DATOS\u201d.\r\n\r\n<strong>3. Destinatarios de Cesiones<\/strong>\r\nNo cederemos sus datos a terceros.\r\n\r\n<strong>4. Derechos<\/strong>\r\nPor \u00faltimo, le informamos de sus derechos en materia de protecci\u00f3n de datos.\r\n\u2013 Derecho a solicitar el acceso a sus datos personales.\r\n\u2013 Derecho a solicitar su rectificaci\u00f3n o supresi\u00f3n (derecho al olvido).\r\n\u2013 Derecho a solicitar la limitaci\u00f3n de su tratamiento, y a oponerse al tratamiento.\r\n\u2013 Derecho a la portabilidad de los datos.\r\n\r\nPara ejercer sus derechos no tiene m\u00e1s que realizar una solicitud por escrito y acompa\u00f1arla de una copia de su DNI.\r\n\r\n<strong>5. Medidas de Seguridad<\/strong>\r\nCARLOS SABOR CAMI\u00d1A tiene implantadas las medidas t\u00e9cnicas y organizativas necesarias para garantizar la seguridad de sus datos de car\u00e1cter personal y evitar su alteraci\u00f3n, la p\u00e9rdida y el tratamiento y\/o el acceso no autorizado, teniendo en cuenta el estado de la tecnolog\u00eda, la naturaleza de los datos almacenados y los riesgos provenientes de la acci\u00f3n humana o del medio f\u00edsico y natural a que est\u00e1n expuestas.\r\n\r\n<\/div>\r\n<\/div>","_et_gb_content_width":"","footnotes":""},"class_list":["post-2537","page","type-page","status-publish","hentry"],"yoast_head":"<!-- This site is optimized with the Yoast SEO plugin v25.6 - https:\/\/yoast.com\/wordpress\/plugins\/seo\/ -->\n<title>Pol\u00edticas de cookies - Onza Sanxenxo<\/title>\n<meta name=\"robots\" content=\"index, follow, max-snippet:-1, max-image-preview:large, max-video-preview:-1\" \/>\n<link rel=\"canonical\" href=\"https:\/\/onzasanxenxo.com\/index.php\/es\/politicas-de-cookies\/\" \/>\n<meta property=\"og:locale\" content=\"es_ES\" \/>\n<meta property=\"og:type\" content=\"article\" \/>\n<meta property=\"og:title\" content=\"Pol\u00edticas de cookies - Onza Sanxenxo\" \/>\n<meta property=\"og:description\" content=\"Pol\u00edtica de cookies Una cookie es un fichero que se descarga en su ordenador al acceder a determinadas p\u00e1ginas web. Las cookies permiten a las p\u00e1ginas web, entre otras cosas, almacenar y recuperar informaci\u00f3n sobre los h\u00e1bitos de navegaci\u00f3n de un usuario o de su equipo y, dependiendo de la informaci\u00f3n que contengan y de [&hellip;]\" \/>\n<meta property=\"og:url\" content=\"https:\/\/onzasanxenxo.com\/index.php\/es\/politicas-de-cookies\/\" \/>\n<meta property=\"og:site_name\" content=\"Onza Sanxenxo\" \/>\n<meta property=\"article:modified_time\" content=\"2023-11-22T14:05:40+00:00\" \/>\n<meta name=\"twitter:card\" content=\"summary_large_image\" \/>\n<meta name=\"twitter:label1\" content=\"Tiempo de lectura\" \/>\n\t<meta name=\"twitter:data1\" content=\"3 minutos\" \/>\n<script type=\"application\/ld+json\" class=\"yoast-schema-graph\">{\"@context\":\"https:\/\/schema.org\",\"@graph\":[{\"@type\":\"WebPage\",\"@id\":\"https:\/\/onzasanxenxo.com\/index.php\/es\/politicas-de-cookies\/\",\"url\":\"https:\/\/onzasanxenxo.com\/index.php\/es\/politicas-de-cookies\/\",\"name\":\"Pol\u00edticas de cookies - Onza Sanxenxo\",\"isPartOf\":{\"@id\":\"https:\/\/onzasanxenxo.com\/#website\"},\"datePublished\":\"2023-11-22T14:03:35+00:00\",\"dateModified\":\"2023-11-22T14:05:40+00:00\",\"breadcrumb\":{\"@id\":\"https:\/\/onzasanxenxo.com\/index.php\/es\/politicas-de-cookies\/#breadcrumb\"},\"inLanguage\":\"es\",\"potentialAction\":[{\"@type\":\"ReadAction\",\"target\":[\"https:\/\/onzasanxenxo.com\/index.php\/es\/politicas-de-cookies\/\"]}]},{\"@type\":\"BreadcrumbList\",\"@id\":\"https:\/\/onzasanxenxo.com\/index.php\/es\/politicas-de-cookies\/#breadcrumb\",\"itemListElement\":[{\"@type\":\"ListItem\",\"position\":1,\"name\":\"Portada\",\"item\":\"https:\/\/onzasanxenxo.com\/index.php\/es\/inicio\/\"},{\"@type\":\"ListItem\",\"position\":2,\"name\":\"Pol\u00edticas de cookies\"}]},{\"@type\":\"WebSite\",\"@id\":\"https:\/\/onzasanxenxo.com\/#website\",\"url\":\"https:\/\/onzasanxenxo.com\/\",\"name\":\"Onza Sanxenxo\",\"description\":\"Charter n\u00e1utico\",\"publisher\":{\"@id\":\"https:\/\/onzasanxenxo.com\/#organization\"},\"potentialAction\":[{\"@type\":\"SearchAction\",\"target\":{\"@type\":\"EntryPoint\",\"urlTemplate\":\"https:\/\/onzasanxenxo.com\/?s={search_term_string}\"},\"query-input\":{\"@type\":\"PropertyValueSpecification\",\"valueRequired\":true,\"valueName\":\"search_term_string\"}}],\"inLanguage\":\"es\"},{\"@type\":\"Organization\",\"@id\":\"https:\/\/onzasanxenxo.com\/#organization\",\"name\":\"ONZA SANXENXO\",\"url\":\"https:\/\/onzasanxenxo.com\/\",\"logo\":{\"@type\":\"ImageObject\",\"inLanguage\":\"es\",\"@id\":\"https:\/\/onzasanxenxo.com\/#\/schema\/logo\/image\/\",\"url\":\"https:\/\/onzasanxenxo.com\/wp-content\/uploads\/logo_onza.png\",\"contentUrl\":\"https:\/\/onzasanxenxo.com\/wp-content\/uploads\/logo_onza.png\",\"width\":172,\"height\":141,\"caption\":\"ONZA SANXENXO\"},\"image\":{\"@id\":\"https:\/\/onzasanxenxo.com\/#\/schema\/logo\/image\/\"}}]}<\/script>\n<!-- \/ Yoast SEO plugin. -->","yoast_head_json":{"title":"Pol\u00edticas de cookies - Onza Sanxenxo","robots":{"index":"index","follow":"follow","max-snippet":"max-snippet:-1","max-image-preview":"max-image-preview:large","max-video-preview":"max-video-preview:-1"},"canonical":"https:\/\/onzasanxenxo.com\/index.php\/es\/politicas-de-cookies\/","og_locale":"es_ES","og_type":"article","og_title":"Pol\u00edticas de cookies - Onza Sanxenxo","og_description":"Pol\u00edtica de cookies Una cookie es un fichero que se descarga en su ordenador al acceder a determinadas p\u00e1ginas web. Las cookies permiten a las p\u00e1ginas web, entre otras cosas, almacenar y recuperar informaci\u00f3n sobre los h\u00e1bitos de navegaci\u00f3n de un usuario o de su equipo y, dependiendo de la informaci\u00f3n que contengan y de [&hellip;]","og_url":"https:\/\/onzasanxenxo.com\/index.php\/es\/politicas-de-cookies\/","og_site_name":"Onza Sanxenxo","article_modified_time":"2023-11-22T14:05:40+00:00","twitter_card":"summary_large_image","twitter_misc":{"Tiempo de lectura":"3 minutos"},"schema":{"@context":"https:\/\/schema.org","@graph":[{"@type":"WebPage","@id":"https:\/\/onzasanxenxo.com\/index.php\/es\/politicas-de-cookies\/","url":"https:\/\/onzasanxenxo.com\/index.php\/es\/politicas-de-cookies\/","name":"Pol\u00edticas de cookies - Onza Sanxenxo","isPartOf":{"@id":"https:\/\/onzasanxenxo.com\/#website"},"datePublished":"2023-11-22T14:03:35+00:00","dateModified":"2023-11-22T14:05:40+00:00","breadcrumb":{"@id":"https:\/\/onzasanxenxo.com\/index.php\/es\/politicas-de-cookies\/#breadcrumb"},"inLanguage":"es","potentialAction":[{"@type":"ReadAction","target":["https:\/\/onzasanxenxo.com\/index.php\/es\/politicas-de-cookies\/"]}]},{"@type":"BreadcrumbList","@id":"https:\/\/onzasanxenxo.com\/index.php\/es\/politicas-de-cookies\/#breadcrumb","itemListElement":[{"@type":"ListItem","position":1,"name":"Portada","item":"https:\/\/onzasanxenxo.com\/index.php\/es\/inicio\/"},{"@type":"ListItem","position":2,"name":"Pol\u00edticas de cookies"}]},{"@type":"WebSite","@id":"https:\/\/onzasanxenxo.com\/#website","url":"https:\/\/onzasanxenxo.com\/","name":"Onza Sanxenxo","description":"Charter n\u00e1utico","publisher":{"@id":"https:\/\/onzasanxenxo.com\/#organization"},"potentialAction":[{"@type":"SearchAction","target":{"@type":"EntryPoint","urlTemplate":"https:\/\/onzasanxenxo.com\/?s={search_term_string}"},"query-input":{"@type":"PropertyValueSpecification","valueRequired":true,"valueName":"search_term_string"}}],"inLanguage":"es"},{"@type":"Organization","@id":"https:\/\/onzasanxenxo.com\/#organization","name":"ONZA SANXENXO","url":"https:\/\/onzasanxenxo.com\/","logo":{"@type":"ImageObject","inLanguage":"es","@id":"https:\/\/onzasanxenxo.com\/#\/schema\/logo\/image\/","url":"https:\/\/onzasanxenxo.com\/wp-content\/uploads\/logo_onza.png","contentUrl":"https:\/\/onzasanxenxo.com\/wp-content\/uploads\/logo_onza.png","width":172,"height":141,"caption":"ONZA SANXENXO"},"image":{"@id":"https:\/\/onzasanxenxo.com\/#\/schema\/logo\/image\/"}}]}},"_links":{"self":[{"href":"https:\/\/onzasanxenxo.com\/index.php\/wp-json\/wp\/v2\/pages\/2537","targetHints":{"allow":["GET"]}}],"collection":[{"href":"https:\/\/onzasanxenxo.com\/index.php\/wp-json\/wp\/v2\/pages"}],"about":[{"href":"https:\/\/onzasanxenxo.com\/index.php\/wp-json\/wp\/v2\/types\/page"}],"author":[{"embeddable":true,"href":"https:\/\/onzasanxenxo.com\/index.php\/wp-json\/wp\/v2\/users\/1"}],"replies":[{"embeddable":true,"href":"https:\/\/onzasanxenxo.com\/index.php\/wp-json\/wp\/v2\/comments?post=2537"}],"version-history":[{"count":3,"href":"https:\/\/onzasanxenxo.com\/index.php\/wp-json\/wp\/v2\/pages\/2537\/revisions"}],"predecessor-version":[{"id":2540,"href":"https:\/\/onzasanxenxo.com\/index.php\/wp-json\/wp\/v2\/pages\/2537\/revisions\/2540"}],"wp:attachment":[{"href":"https:\/\/onzasanxenxo.com\/index.php\/wp-json\/wp\/v2\/media?parent=2537"}],"curies":[{"name":"wp","href":"https:\/\/api.w.org\/{rel}","templated":true}]}}