{"id":2531,"date":"2023-11-22T13:57:29","date_gmt":"2023-11-22T13:57:29","guid":{"rendered":"https:\/\/onzasanxenxo.com\/?page_id=2531"},"modified":"2025-07-30T09:57:54","modified_gmt":"2025-07-30T09:57:54","slug":"accesibilidad","status":"publish","type":"page","link":"https:\/\/onzasanxenxo.com\/index.php\/es\/accesibilidad\/","title":{"rendered":"Accesibilidad"},"content":{"rendered":"<p>[et_pb_section fb_built=\u00bb1&#8243; _builder_version=\u00bb4.16&#8243; global_colors_info=\u00bb{}\u00bb][et_pb_row _builder_version=\u00bb4.16&#8243; background_size=\u00bbinitial\u00bb background_position=\u00bbtop_left\u00bb background_repeat=\u00bbrepeat\u00bb global_colors_info=\u00bb{}\u00bb][et_pb_column type=\u00bb4_4&#8243; _builder_version=\u00bb4.16&#8243; custom_padding=\u00bb|||\u00bb global_colors_info=\u00bb{}\u00bb custom_padding__hover=\u00bb|||\u00bb][et_pb_text _builder_version=\u00bb4.27.4&#8243; background_size=\u00bbinitial\u00bb background_position=\u00bbtop_left\u00bb background_repeat=\u00bbrepeat\u00bb custom_margin=\u00bb8%||8%||true|false\u00bb hover_enabled=\u00bb0&#8243; global_colors_info=\u00bb{}\u00bb sticky_enabled=\u00bb0&#8243;]<\/p>\n<h1 class=\"entry-title main_title\">Accesibilidad<\/h1>\n<div class=\"entry-content\">\n<p>CARLOS SABOR CAMI\u00d1A se ha comprometido a hacer accesible su sitio web de conformidad con el Real Decreto 1112\/2018, de 7 de septiembre, sobre accesibilidad de los sitios web y aplicaciones para dispositivos m\u00f3viles del sector p\u00fablico.<\/p>\n<p>La presente declaraci\u00f3n de accesibilidad se aplica al sitio web\u00a0<a href=\"https:\/\/onzasanxenxo.com\/\">https:\/\/onzasanxenxo.com\/<\/a><\/p>\n<h2 class=\"wp-block-heading\">SITUACI\u00d3N DE CUMPLIMIENTO<\/h2>\n<p>Este sitio web es parcialmente conforme con el RD 1112\/2018 debido a las excepciones y a la falta de conformidad de los aspectos que se indican a continuaci\u00f3n.<\/p>\n<h3 class=\"wp-block-heading\">CONTENIDO NO ACCESIBLE<\/h3>\n<p>El contenido que se recoge a continuaci\u00f3n no es accesible por lo siguiente:<\/p>\n<h4 class=\"wp-block-heading\">Falta de conformidad con el RD 1112\/2018<\/h4>\n<p>Podr\u00edan existir contenidos no textuales que se presenten al usuario sin una alternativa textual que cumpla una funci\u00f3n equivalente. (Requisito n\u00famero 9.1.1.1 de UNE-EN 301549:2022)<\/p>\n<p>Podr\u00eda existir informaci\u00f3n, estructura o relaciones que no pudieran determinarse mediante programaci\u00f3n o que no estuvieran disponibles en el texto (Requisito n\u00famero 9.1.3.1 de UNE-EN 301549:2022)<\/p>\n<p>Podr\u00edan existir colores que no se utilicen como \u00fanico medio visual para transmitir informaci\u00f3n, indicar una acci\u00f3n, suscitar una respuesta o distinguir un elemento visual. (Requisito n\u00famero 9.1.4.1 de UNE-EN 301549:2022)<\/p>\n<p>Podr\u00edan existir textos que no cumplan los m\u00ednimos exigidos de contraste 4.5:1, con respecto a los colores adyacentes del fondo de la secci\u00f3n de la web. (Requisito n\u00famero 9.1.4.11 de UNE-EN 301549:2022)<\/p>\n<p>Podr\u00edan existir p\u00e9rdidas de informaci\u00f3n en resoluciones de pantalla peque\u00f1as (Requisito n\u00famero 9.1.4.10 de UNE-EN 301549:2022)<\/p>\n<p>Podr\u00eda no existir m\u00e1s de una forma de localizar una p\u00e1gina web dentro de un conjunto de p\u00e1ginas web (Requisito n\u00famero 9.2.4.5 de UNE-EN 301549:2022)<\/p>\n<p>Podr\u00edan existir indicadores de enfoque del teclado no visibles (Requisito n\u00famero 9.2.4.7 de UNE-EN 301549:2022)<\/p>\n<p>Podr\u00edan existir algunos textos en otro idioma no etiquetados correctamente. (Requisito n\u00famero 9.3.1.2 de UNE-EN 301549:2022)<\/p>\n<p>Podr\u00edan existir en el contenido implementado mediante lenguajes de marcado elementos sin etiquetas de inicio y\/o finalizaci\u00f3n completas, elementos con atributos duplicados o sin identificador \u00fanico (Requisito n\u00famero 9.4.1.1 de UNE-EN 301549:2022)<\/p>\n<p>Podr\u00edan existir nombres, roles, estados, propiedades y valores que no pueden determinarse mediante programaci\u00f3n (Requisito n\u00famero 9.4.1.2 de UNE-EN 301549:2022)<\/p>\n<h3 class=\"wp-block-heading\">Carga desproporcionada<\/h3>\n<p>No aplica.<\/p>\n<p>El contenido no entra dentro del \u00e1mbito de la legislaci\u00f3n aplicable<br \/>Podr\u00edan existir archivos ofim\u00e1ticos en PDF u otros formatos publicados antes del 20 de septiembre de 2018 que no cumplan en su totalidad todos los requisitos de accesibilidad. Aunque se ha procurado que la mayor\u00eda de ellos s\u00ed lo cumplan.<\/p>\n<h2 class=\"wp-block-heading\">PREPARACI\u00d3N DE LA PRESENTE DECLARACI\u00d3N DE ACCESIBILIDAD<\/h2>\n<p>La presente declaraci\u00f3n fue preparada el 30 de julio de 2025.<\/p>\n<p>El m\u00e9todo empleado para preparar la declaraci\u00f3n ha sido una autoevaluaci\u00f3n llevada a cabo por la propia entidad.<\/p>\n<p>\u00daltima revisi\u00f3n de la declaraci\u00f3n: 30 de julio de 2025.<\/p>\n<h2 class=\"wp-block-heading\">OBSERVACIONES Y DATOS DE CONTACTO<\/h2>\n<p>Puede realizar comunicaciones sobre requisitos de accesibilidad (art\u00edculo 10.2.a del RD 1112\/2018) a trav\u00e9s de la siguiente direcci\u00f3n de correo electr\u00f3nico:<\/p>\n<p><a href=\"mailto:hola@onzasanxenxo.com\">hola@onzasanxenxo.com<\/a><\/p>\n<p>Por ejemplo:<\/p>\n<p>Informar sobre cualquier posible incumplimiento por parte de este sitio web.<br \/>Transmitir otras dificultades de acceso al contenido.<br \/>Formular cualquier otra consulta o sugerencia de mejora relativa a la accesibilidad del sitio web.<br \/>Tambi\u00e9n puede presentar:<\/p>\n<p>Queja relativa al cumplimiento de los requisitos del RD 1112\/2018<br \/>Solicitud de Informaci\u00f3n accesible relativa a:<br \/>Contenidos que est\u00e1n excluidos del \u00e1mbito de aplicaci\u00f3n del RD 1112\/2018 seg\u00fan lo establecido por el art\u00edculo 3, apartado 4.<br \/>Contenidos que est\u00e1n exentos del cumplimiento de los requisitos de accesibilidad por imponer una carga desproporcionada.<br \/>En la Solicitud de informaci\u00f3n accesible, se debe concretar, con toda claridad, los hechos, razones y petici\u00f3n que permitan constatar que se trata de una solicitud razonable y leg\u00edtima.<\/p>\n<p>Las quejas y reclamaciones sobre informaci\u00f3n accesible se realizar\u00e1n a trav\u00e9s de la siguiente direcci\u00f3n de correo electr\u00f3nico:<\/p>\n<p><a href=\"mailto:hola@onzasanxenxo.com\">hola@onzasanxenxo.com<\/a><\/p>\n<h2 class=\"wp-block-heading\">CONTENIDO OPCIONAL<\/h2>\n<p>Este sitio web est\u00e1 dise\u00f1ado para su visualizaci\u00f3n responsiva, de modo que pueda visualizarse correctamente en dispositivos como tabletas electr\u00f3nicas y dispositivos m\u00f3viles.<\/p>\n<p>Asimismo, est\u00e1 dise\u00f1ado para poder cambiar el tama\u00f1o del texto mediante los men\u00fas definidos para ello seg\u00fan el navegador utilizado.<\/p>\n<p>Tambi\u00e9n puede realizarse mediante los siguientes atajos de teclado, presionando ambas teclas al mismo tiempo:<\/p>\n<p>Ctrl + : aumentarlo.<br \/>Ctrl \u2013 : disminuirlo.<br \/>Ctrl 0 : restaurar tama\u00f1o original.<br \/>Del mismo modo, si un usuario no dispone de rat\u00f3n podr\u00e1 moverse por los distintos elementos de la p\u00e1gina que visita a trav\u00e9s del teclado, mediante la tecla de tabulaci\u00f3n.<\/p>\n<\/div>\n<p>[\/et_pb_text][\/et_pb_column][\/et_pb_row][\/et_pb_section]<\/p>\n","protected":false},"excerpt":{"rendered":"<p>Accesibilidad CARLOS SABOR CAMI\u00d1A se ha comprometido a hacer accesible su sitio web de conformidad con el Real Decreto 1112\/2018, de 7 de septiembre, sobre accesibilidad de los sitios web y aplicaciones para dispositivos m\u00f3viles del sector p\u00fablico. La presente declaraci\u00f3n de accesibilidad se aplica al sitio web\u00a0https:\/\/onzasanxenxo.com\/ SITUACI\u00d3N DE CUMPLIMIENTO Este sitio web es [&hellip;]<\/p>\n","protected":false},"author":1,"featured_media":0,"parent":0,"menu_order":0,"comment_status":"closed","ping_status":"closed","template":"","meta":{"_et_pb_use_builder":"on","_et_pb_old_content":"<div class=\"et_pb_module et_pb_post_title et_pb_post_title_0 et_pb_bg_layout_light et_pb_text_align_left\">\r\n<div class=\"et_pb_title_container\">\r\n<h1>Aviso Legal<\/h1>\r\nExponemos a continuaci\u00f3n los datos necesarios para el debido cumplimiento del art\u00edculo 10 de la Ley 34\/2002, de 11 de julio, de Servicios de la Sociedad de la Informaci\u00f3n y Comercio Electr\u00f3nico:\r\nEl titular de esta p\u00e1gina web es CARLOS SABOR CAMI\u00d1A, con DNI 76824535G\u00a0 y domicilio fiscal en Independencia 6 P02, Portonovo (Sanxenxo). Para contactar con nosotros podr\u00e1s hacerlo a trav\u00e9s del correo electr\u00f3nico lopd@onzasanxenxo.com.\r\n<h1>Objeto de la web<\/h1>\r\nEl sitio web www.onzasanxenxo.com ha sido dise\u00f1ado para vender a particulares los servicios de alquiler de las embarcaciones asociadas. La web puede contener errores tipogr\u00e1ficos que podr\u00e1n ser resueltos personalmente por el equipo. En estos casos, nos reservamos el derecho de cancelar los pedidos.\r\n<h1 class=\"entry-title\">Pol\u00edtica de Protecci\u00f3n de Datos<\/h1>\r\n<\/div>\r\n<\/div>\r\n<div class=\"et_pb_module et_pb_text et_pb_text_0 et_pb_bg_layout_light et_pb_text_align_left\">\r\n<div class=\"et_pb_text_inner\">\r\n\r\n<strong>Protecci\u00f3n de Datos \u2013 Correos Electr\u00f3nicos<\/strong>\r\n\r\nINFORMACI\u00d3N B\u00c1SICA SOBRE PROTECCI\u00d3N DE DATOS: De conformidad a lo dispuesto en la actual normativa de Protecci\u00f3n de Datos de Car\u00e1cter personal, le informamos que el responsable de tratamiento de los datos de car\u00e1cter personal recogidos es CARLOS SABOR CAMI\u00d1A, cuya finalidad es poder atender las consultas y cualquier tipo de gesti\u00f3n realizada por este medio de comunicaci\u00f3n. Sus datos no se ceder\u00e1n a terceros, salvo por obligaci\u00f3n legal.\r\nTiene usted derecho a acceder, rectificar o suprimir los datos err\u00f3neos, solicitar la limitaci\u00f3n del tratamiento de sus datos as\u00ed como oponerse o retirar el consentimiento en cualquier momento. Puede presentar su propia solicitud acompa\u00f1ada de una copia de su DNI para acreditar su identidad en lopd@onzasanxenxo.com\r\nPuede consultar la informaci\u00f3n adicional y detallada sobre Protecci\u00f3n de Datos solicit\u00e1ndola por correo electr\u00f3nico: lopd@onzasanxenxo.com\r\n\r\n<strong>Pol\u00edtica de Protecci\u00f3n de Datos<\/strong>\r\n\r\nDe acuerdo con lo establecido por la normativa de Protecci\u00f3n de Datos de Car\u00e1cter Personal, le informamos que est\u00e1 facilitando sus datos de car\u00e1cter personal al Responsable de Tratamiento: CARLOS SABOR CAMI\u00d1A, con direcci\u00f3n en Independencia 6 P02 \u2013 Portonovo - Sanxenxo, Espa\u00f1a y correo electr\u00f3nico lopd@onzasanxenxo.com.\r\n\r\n<strong>1. Finalidad del Tratamiento<\/strong>\r\nLos datos recopilados ser\u00e1n \u00fanicamente los detallados en el formulario de contacto, as\u00ed como aquellos que usted mismo nos facilite en el apartado \u201cComentarios\u201d. CARLOS SABOR CAMI\u00d1A podr\u00e1 tratar sus datos de car\u00e1cter personal de acuerdo con las siguientes finalidades:\r\n* Gestionar su navegaci\u00f3n a trav\u00e9s del Sitio Web.\r\n* Gestionar el servicio de Atenci\u00f3n al Cliente, para dar respuesta a las dudas, quejas, comentarios o inquietudes que pueda tener relativas a la informaci\u00f3n incluida en el Sitio Web, as\u00ed como cualesquiera otras consultas que pueda tener.\r\n* Gestionar el cumplimiento, mantenimiento, desarrollo y control de cualesquiera relaciones que CARLOS SABOR CAMI\u00d1A mantenga con usted.\r\nEl hecho de no facilitar cierta informaci\u00f3n se\u00f1alada como obligatoria, puede conllevar que no sea posible gestionar su petici\u00f3n a trav\u00e9s del formulario de contacto.\r\nEn el caso de que nos aporte Datos Personales de terceros, usted se responsabiliza de haber informado y haber obtenido el consentimiento de estos para ser aportados con las finalidades indicadas en los apartados correspondientes de la presente Pol\u00edtica de\u00a0Privacidad y Cookies.\r\n\r\n<strong>2. Legitimaci\u00f3n del Tratamiento de sus Datos de Car\u00e1cter Personal<\/strong>\r\nLa legitimaci\u00f3n se basa en el consentimiento que usted nos otorga al clicar el bot\u00f3n \u201cACEPTO LA POL\u00cdTICA DE PROTECCI\u00d3N DE DATOS\u201d.\r\n\r\n<strong>3. Destinatarios de Cesiones<\/strong>\r\nNo cederemos sus datos a terceros.\r\n\r\n<strong>4. Derechos<\/strong>\r\nPor \u00faltimo, le informamos de sus derechos en materia de protecci\u00f3n de datos.\r\n\u2013 Derecho a solicitar el acceso a sus datos personales.\r\n\u2013 Derecho a solicitar su rectificaci\u00f3n o supresi\u00f3n (derecho al olvido).\r\n\u2013 Derecho a solicitar la limitaci\u00f3n de su tratamiento, y a oponerse al tratamiento.\r\n\u2013 Derecho a la portabilidad de los datos.\r\n\r\nPara ejercer sus derechos no tiene m\u00e1s que realizar una solicitud por escrito y acompa\u00f1arla de una copia de su DNI.\r\n\r\n<strong>5. Medidas de Seguridad<\/strong>\r\nCARLOS SABOR CAMI\u00d1A tiene implantadas las medidas t\u00e9cnicas y organizativas necesarias para garantizar la seguridad de sus datos de car\u00e1cter personal y evitar su alteraci\u00f3n, la p\u00e9rdida y el tratamiento y\/o el acceso no autorizado, teniendo en cuenta el estado de la tecnolog\u00eda, la naturaleza de los datos almacenados y los riesgos provenientes de la acci\u00f3n humana o del medio f\u00edsico y natural a que est\u00e1n expuestas.\r\n\r\n<\/div>\r\n<\/div>","_et_gb_content_width":"","footnotes":""},"class_list":["post-2531","page","type-page","status-publish","hentry"],"yoast_head":"<!-- This site is optimized with the Yoast SEO plugin v25.6 - https:\/\/yoast.com\/wordpress\/plugins\/seo\/ -->\n<title>Accesibilidad - Onza Sanxenxo<\/title>\n<meta name=\"robots\" content=\"index, follow, max-snippet:-1, max-image-preview:large, max-video-preview:-1\" \/>\n<link rel=\"canonical\" href=\"https:\/\/onzasanxenxo.com\/index.php\/es\/accesibilidad\/\" \/>\n<meta property=\"og:locale\" content=\"es_ES\" \/>\n<meta property=\"og:type\" content=\"article\" \/>\n<meta property=\"og:title\" content=\"Accesibilidad - Onza Sanxenxo\" \/>\n<meta property=\"og:description\" content=\"Accesibilidad CARLOS SABOR CAMI\u00d1A se ha comprometido a hacer accesible su sitio web de conformidad con el Real Decreto 1112\/2018, de 7 de septiembre, sobre accesibilidad de los sitios web y aplicaciones para dispositivos m\u00f3viles del sector p\u00fablico. La presente declaraci\u00f3n de accesibilidad se aplica al sitio web\u00a0https:\/\/onzasanxenxo.com\/ SITUACI\u00d3N DE CUMPLIMIENTO Este sitio web es [&hellip;]\" \/>\n<meta property=\"og:url\" content=\"https:\/\/onzasanxenxo.com\/index.php\/es\/accesibilidad\/\" \/>\n<meta property=\"og:site_name\" content=\"Onza Sanxenxo\" \/>\n<meta property=\"article:modified_time\" content=\"2025-07-30T09:57:54+00:00\" \/>\n<meta name=\"twitter:card\" content=\"summary_large_image\" \/>\n<meta name=\"twitter:label1\" content=\"Tiempo de lectura\" \/>\n\t<meta name=\"twitter:data1\" content=\"4 minutos\" \/>\n<script type=\"application\/ld+json\" class=\"yoast-schema-graph\">{\"@context\":\"https:\/\/schema.org\",\"@graph\":[{\"@type\":\"WebPage\",\"@id\":\"https:\/\/onzasanxenxo.com\/index.php\/es\/accesibilidad\/\",\"url\":\"https:\/\/onzasanxenxo.com\/index.php\/es\/accesibilidad\/\",\"name\":\"Accesibilidad - Onza Sanxenxo\",\"isPartOf\":{\"@id\":\"https:\/\/onzasanxenxo.com\/#website\"},\"datePublished\":\"2023-11-22T13:57:29+00:00\",\"dateModified\":\"2025-07-30T09:57:54+00:00\",\"breadcrumb\":{\"@id\":\"https:\/\/onzasanxenxo.com\/index.php\/es\/accesibilidad\/#breadcrumb\"},\"inLanguage\":\"es\",\"potentialAction\":[{\"@type\":\"ReadAction\",\"target\":[\"https:\/\/onzasanxenxo.com\/index.php\/es\/accesibilidad\/\"]}]},{\"@type\":\"BreadcrumbList\",\"@id\":\"https:\/\/onzasanxenxo.com\/index.php\/es\/accesibilidad\/#breadcrumb\",\"itemListElement\":[{\"@type\":\"ListItem\",\"position\":1,\"name\":\"Portada\",\"item\":\"https:\/\/onzasanxenxo.com\/index.php\/es\/inicio\/\"},{\"@type\":\"ListItem\",\"position\":2,\"name\":\"Accesibilidad\"}]},{\"@type\":\"WebSite\",\"@id\":\"https:\/\/onzasanxenxo.com\/#website\",\"url\":\"https:\/\/onzasanxenxo.com\/\",\"name\":\"Onza Sanxenxo\",\"description\":\"Charter n\u00e1utico\",\"publisher\":{\"@id\":\"https:\/\/onzasanxenxo.com\/#organization\"},\"potentialAction\":[{\"@type\":\"SearchAction\",\"target\":{\"@type\":\"EntryPoint\",\"urlTemplate\":\"https:\/\/onzasanxenxo.com\/?s={search_term_string}\"},\"query-input\":{\"@type\":\"PropertyValueSpecification\",\"valueRequired\":true,\"valueName\":\"search_term_string\"}}],\"inLanguage\":\"es\"},{\"@type\":\"Organization\",\"@id\":\"https:\/\/onzasanxenxo.com\/#organization\",\"name\":\"ONZA SANXENXO\",\"url\":\"https:\/\/onzasanxenxo.com\/\",\"logo\":{\"@type\":\"ImageObject\",\"inLanguage\":\"es\",\"@id\":\"https:\/\/onzasanxenxo.com\/#\/schema\/logo\/image\/\",\"url\":\"https:\/\/onzasanxenxo.com\/wp-content\/uploads\/logo_onza.png\",\"contentUrl\":\"https:\/\/onzasanxenxo.com\/wp-content\/uploads\/logo_onza.png\",\"width\":172,\"height\":141,\"caption\":\"ONZA SANXENXO\"},\"image\":{\"@id\":\"https:\/\/onzasanxenxo.com\/#\/schema\/logo\/image\/\"}}]}<\/script>\n<!-- \/ Yoast SEO plugin. -->","yoast_head_json":{"title":"Accesibilidad - Onza Sanxenxo","robots":{"index":"index","follow":"follow","max-snippet":"max-snippet:-1","max-image-preview":"max-image-preview:large","max-video-preview":"max-video-preview:-1"},"canonical":"https:\/\/onzasanxenxo.com\/index.php\/es\/accesibilidad\/","og_locale":"es_ES","og_type":"article","og_title":"Accesibilidad - Onza Sanxenxo","og_description":"Accesibilidad CARLOS SABOR CAMI\u00d1A se ha comprometido a hacer accesible su sitio web de conformidad con el Real Decreto 1112\/2018, de 7 de septiembre, sobre accesibilidad de los sitios web y aplicaciones para dispositivos m\u00f3viles del sector p\u00fablico. La presente declaraci\u00f3n de accesibilidad se aplica al sitio web\u00a0https:\/\/onzasanxenxo.com\/ SITUACI\u00d3N DE CUMPLIMIENTO Este sitio web es [&hellip;]","og_url":"https:\/\/onzasanxenxo.com\/index.php\/es\/accesibilidad\/","og_site_name":"Onza Sanxenxo","article_modified_time":"2025-07-30T09:57:54+00:00","twitter_card":"summary_large_image","twitter_misc":{"Tiempo de lectura":"4 minutos"},"schema":{"@context":"https:\/\/schema.org","@graph":[{"@type":"WebPage","@id":"https:\/\/onzasanxenxo.com\/index.php\/es\/accesibilidad\/","url":"https:\/\/onzasanxenxo.com\/index.php\/es\/accesibilidad\/","name":"Accesibilidad - Onza Sanxenxo","isPartOf":{"@id":"https:\/\/onzasanxenxo.com\/#website"},"datePublished":"2023-11-22T13:57:29+00:00","dateModified":"2025-07-30T09:57:54+00:00","breadcrumb":{"@id":"https:\/\/onzasanxenxo.com\/index.php\/es\/accesibilidad\/#breadcrumb"},"inLanguage":"es","potentialAction":[{"@type":"ReadAction","target":["https:\/\/onzasanxenxo.com\/index.php\/es\/accesibilidad\/"]}]},{"@type":"BreadcrumbList","@id":"https:\/\/onzasanxenxo.com\/index.php\/es\/accesibilidad\/#breadcrumb","itemListElement":[{"@type":"ListItem","position":1,"name":"Portada","item":"https:\/\/onzasanxenxo.com\/index.php\/es\/inicio\/"},{"@type":"ListItem","position":2,"name":"Accesibilidad"}]},{"@type":"WebSite","@id":"https:\/\/onzasanxenxo.com\/#website","url":"https:\/\/onzasanxenxo.com\/","name":"Onza Sanxenxo","description":"Charter n\u00e1utico","publisher":{"@id":"https:\/\/onzasanxenxo.com\/#organization"},"potentialAction":[{"@type":"SearchAction","target":{"@type":"EntryPoint","urlTemplate":"https:\/\/onzasanxenxo.com\/?s={search_term_string}"},"query-input":{"@type":"PropertyValueSpecification","valueRequired":true,"valueName":"search_term_string"}}],"inLanguage":"es"},{"@type":"Organization","@id":"https:\/\/onzasanxenxo.com\/#organization","name":"ONZA SANXENXO","url":"https:\/\/onzasanxenxo.com\/","logo":{"@type":"ImageObject","inLanguage":"es","@id":"https:\/\/onzasanxenxo.com\/#\/schema\/logo\/image\/","url":"https:\/\/onzasanxenxo.com\/wp-content\/uploads\/logo_onza.png","contentUrl":"https:\/\/onzasanxenxo.com\/wp-content\/uploads\/logo_onza.png","width":172,"height":141,"caption":"ONZA SANXENXO"},"image":{"@id":"https:\/\/onzasanxenxo.com\/#\/schema\/logo\/image\/"}}]}},"_links":{"self":[{"href":"https:\/\/onzasanxenxo.com\/index.php\/wp-json\/wp\/v2\/pages\/2531","targetHints":{"allow":["GET"]}}],"collection":[{"href":"https:\/\/onzasanxenxo.com\/index.php\/wp-json\/wp\/v2\/pages"}],"about":[{"href":"https:\/\/onzasanxenxo.com\/index.php\/wp-json\/wp\/v2\/types\/page"}],"author":[{"embeddable":true,"href":"https:\/\/onzasanxenxo.com\/index.php\/wp-json\/wp\/v2\/users\/1"}],"replies":[{"embeddable":true,"href":"https:\/\/onzasanxenxo.com\/index.php\/wp-json\/wp\/v2\/comments?post=2531"}],"version-history":[{"count":5,"href":"https:\/\/onzasanxenxo.com\/index.php\/wp-json\/wp\/v2\/pages\/2531\/revisions"}],"predecessor-version":[{"id":2626,"href":"https:\/\/onzasanxenxo.com\/index.php\/wp-json\/wp\/v2\/pages\/2531\/revisions\/2626"}],"wp:attachment":[{"href":"https:\/\/onzasanxenxo.com\/index.php\/wp-json\/wp\/v2\/media?parent=2531"}],"curies":[{"name":"wp","href":"https:\/\/api.w.org\/{rel}","templated":true}]}}