{"id":2366,"date":"2021-12-16T12:02:03","date_gmt":"2021-12-16T12:02:03","guid":{"rendered":"https:\/\/onzasanxenxo.com\/?page_id=2366"},"modified":"2021-12-16T17:06:24","modified_gmt":"2021-12-16T17:06:24","slug":"alugue-o-seu-barco-em-pontevedra","status":"publish","type":"page","link":"https:\/\/onzasanxenxo.com\/index.php\/alugue-o-seu-barco-em-pontevedra\/","title":{"rendered":"Aluguel"},"content":{"rendered":"<p>[et_pb_section fb_built=\u00bb1&#8243; next_background_color=\u00bb#ffffff\u00bb _builder_version=\u00bb4.14.2&#8243; _module_preset=\u00bbdefault\u00bb background_color=\u00bb#e5eae9&#8243; custom_padding=\u00bb5%||7%||false|false\u00bb bottom_divider_style=\u00bbwaves2&#8243; global_colors_info=\u00bb{}\u00bb][et_pb_row custom_padding_last_edited=\u00bbon|phone\u00bb _builder_version=\u00bb4.14.2&#8243; background_size=\u00bbinitial\u00bb background_position=\u00bbtop_left\u00bb background_repeat=\u00bbrepeat\u00bb custom_padding_tablet=\u00bb\u00bb custom_padding_phone=\u00bb10%||10%||true|false\u00bb global_colors_info=\u00bb{}\u00bb][et_pb_column type=\u00bb4_4&#8243; _builder_version=\u00bb3.25&#8243; custom_padding=\u00bb|||\u00bb global_colors_info=\u00bb{}\u00bb custom_padding__hover=\u00bb|||\u00bb][et_pb_image src=\u00bbhttp:\/\/onzasanxenxo.com\/wp-content\/uploads\/logo_onza.png\u00bb title_text=\u00bblogo_onza\u00bb url=\u00bbhttps:\/\/onzasanxenxo.com\/\u00bb align=\u00bbcenter\u00bb _builder_version=\u00bb4.14.2&#8243; _module_preset=\u00bbdefault\u00bb global_colors_info=\u00bb{}\u00bb][\/et_pb_image][et_pb_text disabled_on=\u00bbon|on|\u00bb _builder_version=\u00bb4.14.2&#8243; text_font=\u00bbBeacon||||||||\u00bb text_text_color=\u00bb#5c00a3&#8243; text_font_size=\u00bb45px\u00bb header_font=\u00bbBeacon||||||||\u00bb header_text_color=\u00bb#5c00a3&#8243; header_font_size=\u00bb45px\u00bb text_orientation=\u00bbcenter\u00bb custom_margin=\u00bb||||false|false\u00bb global_colors_info=\u00bb{}\u00bb]<\/p>\n<h1>Aluguel de barco<\/h1>\n<p>[\/et_pb_text][\/et_pb_column][\/et_pb_row][\/et_pb_section][et_pb_section fb_built=\u00bb1&#8243; _builder_version=\u00bb3.22&#8243; global_colors_info=\u00bb{}\u00bb][et_pb_row column_structure=\u00bb1_3,1_3,1_3&#8243; disabled_on=\u00bboff||\u00bb _builder_version=\u00bb4.14.2&#8243; background_size=\u00bbinitial\u00bb background_position=\u00bbtop_left\u00bb background_repeat=\u00bbrepeat\u00bb width=\u00bb67%\u00bb custom_padding=\u00bb1%||4%||false|false\u00bb global_colors_info=\u00bb{}\u00bb][et_pb_column type=\u00bb1_3&#8243; _builder_version=\u00bb3.25&#8243; custom_padding=\u00bb|||\u00bb global_colors_info=\u00bb{}\u00bb custom_padding__hover=\u00bb|||\u00bb][et_pb_text _builder_version=\u00bb4.14.2&#8243; text_font=\u00bbPoppins|700|||||||\u00bb text_text_color=\u00bb#0a2240&#8243; custom_margin=\u00bb30px|||\u00bb hover_enabled=\u00bb0&#8243; global_colors_info=\u00bb{}\u00bb sticky_enabled=\u00bb0&#8243;]<\/p>\n<p>Aluguer de barco na Ria de Pontevedra<\/p>\n<p>[\/et_pb_text][et_pb_cta title=\u00bbPartida pela manh\u00e3 (10h \u00e0s 14h) ou \u00e0 tarde (16h \u00e0s 20h)\u00bb button_url=\u00bb#\u00bb url_new_window=\u00bbon\u00bb button_text=\u00bb450 \u20ac\u00bb _builder_version=\u00bb4.14.2&#8243; header_font=\u00bbSaira Extra Condensed||||||||\u00bb header_text_align=\u00bbcenter\u00bb header_text_color=\u00bb#ffffff\u00bb header_font_size=\u00bb20px\u00bb background_color=\u00bb#f4bf00&#8243; custom_button=\u00bbon\u00bb button_text_color=\u00bb#ffffff\u00bb button_border_width=\u00bb1&#8243; button_border_color=\u00bb#ffffff\u00bb button_font=\u00bbSaira Extra Condensed||||||||\u00bb button_use_icon=\u00bboff\u00bb button_alignment=\u00bbcenter\u00bb text_orientation=\u00bbleft\u00bb animation_style=\u00bbslide\u00bb animation_direction=\u00bbleft\u00bb button_text_color_hover=\u00bb#00a7e1&#8243; button_border_color_hover=\u00bb#00a7e1&#8243; button_bg_color_hover=\u00bbrgba(10,34,64,0.58)\u00bb global_colors_info=\u00bb{}\u00bb button_text_size__hover_enabled=\u00bboff\u00bb button_one_text_size__hover_enabled=\u00bboff\u00bb button_two_text_size__hover_enabled=\u00bboff\u00bb button_text_color__hover_enabled=\u00bboff|desktop\u00bb button_text_color__hover=\u00bb#00a7e1&#8243; button_one_text_color__hover_enabled=\u00bboff\u00bb button_two_text_color__hover_enabled=\u00bboff\u00bb button_border_width__hover_enabled=\u00bboff\u00bb button_one_border_width__hover_enabled=\u00bboff\u00bb button_two_border_width__hover_enabled=\u00bboff\u00bb button_border_color__hover_enabled=\u00bboff|desktop\u00bb button_border_color__hover=\u00bb#00a7e1&#8243; button_one_border_color__hover_enabled=\u00bboff\u00bb button_two_border_color__hover_enabled=\u00bboff\u00bb button_border_radius__hover_enabled=\u00bboff\u00bb button_one_border_radius__hover_enabled=\u00bboff\u00bb button_two_border_radius__hover_enabled=\u00bboff\u00bb button_letter_spacing__hover_enabled=\u00bboff\u00bb button_one_letter_spacing__hover_enabled=\u00bboff\u00bb button_two_letter_spacing__hover_enabled=\u00bboff\u00bb button_bg_color__hover_enabled=\u00bboff|desktop\u00bb button_bg_color__hover=\u00bbrgba(10,34,64,0.58)\u00bb button_one_bg_color__hover_enabled=\u00bboff\u00bb button_two_bg_color__hover_enabled=\u00bboff\u00bb][\/et_pb_cta][et_pb_text _builder_version=\u00bb4.14.2&#8243; text_font=\u00bbPoppins|700|||||||\u00bb text_text_color=\u00bb#0a2240&#8243; custom_margin=\u00bb30px|||\u00bb hover_enabled=\u00bb0&#8243; global_colors_info=\u00bb{}\u00bb sticky_enabled=\u00bb0&#8243;]<\/p>\n<p>Reserve lugar individual em passeios em grupo<\/p>\n<p>[\/et_pb_text][et_pb_cta title=\u00bbPartida de meio dia (dura\u00e7\u00e3o: 4 h)\u00bb button_url=\u00bb#\u00bb url_new_window=\u00bbon\u00bb button_text=\u00bb50 \u20ac\u00bb _builder_version=\u00bb4.14.2&#8243; header_font=\u00bbSaira Extra Condensed||||||||\u00bb header_text_align=\u00bbcenter\u00bb header_text_color=\u00bb#ffffff\u00bb header_font_size=\u00bb20px\u00bb background_color=\u00bb#f4bf00&#8243; custom_button=\u00bbon\u00bb button_text_color=\u00bb#ffffff\u00bb button_border_width=\u00bb1&#8243; button_border_color=\u00bb#ffffff\u00bb button_font=\u00bbSaira Extra Condensed||||||||\u00bb button_use_icon=\u00bboff\u00bb button_alignment=\u00bbcenter\u00bb text_orientation=\u00bbleft\u00bb animation_style=\u00bbslide\u00bb animation_direction=\u00bbleft\u00bb button_text_color_hover=\u00bb#00a7e1&#8243; button_border_color_hover=\u00bb#00a7e1&#8243; button_bg_color_hover=\u00bbrgba(10,34,64,0.58)\u00bb global_colors_info=\u00bb{}\u00bb button_text_size__hover_enabled=\u00bboff\u00bb button_one_text_size__hover_enabled=\u00bboff\u00bb button_two_text_size__hover_enabled=\u00bboff\u00bb button_text_color__hover_enabled=\u00bboff|desktop\u00bb button_text_color__hover=\u00bb#00a7e1&#8243; button_one_text_color__hover_enabled=\u00bboff\u00bb button_two_text_color__hover_enabled=\u00bboff\u00bb button_border_width__hover_enabled=\u00bboff\u00bb button_one_border_width__hover_enabled=\u00bboff\u00bb button_two_border_width__hover_enabled=\u00bboff\u00bb button_border_color__hover_enabled=\u00bboff|desktop\u00bb button_border_color__hover=\u00bb#00a7e1&#8243; button_one_border_color__hover_enabled=\u00bboff\u00bb button_two_border_color__hover_enabled=\u00bboff\u00bb button_border_radius__hover_enabled=\u00bboff\u00bb button_one_border_radius__hover_enabled=\u00bboff\u00bb button_two_border_radius__hover_enabled=\u00bboff\u00bb button_letter_spacing__hover_enabled=\u00bboff\u00bb button_one_letter_spacing__hover_enabled=\u00bboff\u00bb button_two_letter_spacing__hover_enabled=\u00bboff\u00bb button_bg_color__hover_enabled=\u00bboff|desktop\u00bb button_bg_color__hover=\u00bbrgba(10,34,64,0.58)\u00bb button_one_bg_color__hover_enabled=\u00bboff\u00bb button_two_bg_color__hover_enabled=\u00bboff\u00bb][\/et_pb_cta][\/et_pb_column][et_pb_column type=\u00bb1_3&#8243; _builder_version=\u00bb3.25&#8243; custom_padding=\u00bb|||\u00bb global_colors_info=\u00bb{}\u00bb custom_padding__hover=\u00bb|||\u00bb][et_pb_text disabled_on=\u00bbon||\u00bb _builder_version=\u00bb3.27.4&#8243; text_font=\u00bbPoppins|700|||||||\u00bb text_text_color=\u00bb#ffffff\u00bb custom_margin=\u00bb30px|||\u00bb global_colors_info=\u00bb{}\u00bb]Alquiler de barco completo<br \/>\n[\/et_pb_text][et_pb_cta title=\u00bbSa\u00edda para ver o p\u00f4r do sol (20 a 24 h)\u00bb button_url=\u00bb#\u00bb url_new_window=\u00bbon\u00bb button_text=\u00bb500 \u20ac\u00bb _builder_version=\u00bb4.14.2&#8243; header_font=\u00bbSaira Extra Condensed||||||||\u00bb header_text_align=\u00bbcenter\u00bb header_text_color=\u00bb#ffffff\u00bb header_font_size=\u00bb20px\u00bb background_color=\u00bb#3a1082&#8243; custom_button=\u00bbon\u00bb button_text_color=\u00bb#ffffff\u00bb button_border_width=\u00bb1&#8243; button_border_color=\u00bb#ffffff\u00bb button_font=\u00bbSaira Extra Condensed||||||||\u00bb button_use_icon=\u00bboff\u00bb button_alignment=\u00bbcenter\u00bb text_orientation=\u00bbleft\u00bb animation_style=\u00bbzoom\u00bb animation_direction=\u00bbtop\u00bb button_text_color_hover=\u00bb#00a7e1&#8243; button_border_color_hover=\u00bb#00a7e1&#8243; button_bg_color_hover=\u00bbrgba(10,34,64,0.58)\u00bb global_colors_info=\u00bb{}\u00bb button_text_size__hover_enabled=\u00bboff\u00bb button_one_text_size__hover_enabled=\u00bboff\u00bb button_two_text_size__hover_enabled=\u00bboff\u00bb button_text_color__hover_enabled=\u00bboff|desktop\u00bb button_text_color__hover=\u00bb#00a7e1&#8243; button_one_text_color__hover_enabled=\u00bboff\u00bb button_two_text_color__hover_enabled=\u00bboff\u00bb button_border_width__hover_enabled=\u00bboff\u00bb button_one_border_width__hover_enabled=\u00bboff\u00bb button_two_border_width__hover_enabled=\u00bboff\u00bb button_border_color__hover_enabled=\u00bboff|desktop\u00bb button_border_color__hover=\u00bb#00a7e1&#8243; button_one_border_color__hover_enabled=\u00bboff\u00bb button_two_border_color__hover_enabled=\u00bboff\u00bb button_border_radius__hover_enabled=\u00bboff\u00bb button_one_border_radius__hover_enabled=\u00bboff\u00bb button_two_border_radius__hover_enabled=\u00bboff\u00bb button_letter_spacing__hover_enabled=\u00bboff\u00bb button_one_letter_spacing__hover_enabled=\u00bboff\u00bb button_two_letter_spacing__hover_enabled=\u00bboff\u00bb button_bg_color__hover_enabled=\u00bboff|desktop\u00bb button_bg_color__hover=\u00bbrgba(10,34,64,0.58)\u00bb button_one_bg_color__hover_enabled=\u00bboff\u00bb button_two_bg_color__hover_enabled=\u00bboff\u00bb][\/et_pb_cta][et_pb_text disabled_on=\u00bbon||\u00bb _builder_version=\u00bb3.27.4&#8243; text_font=\u00bbPoppins|700|||||||\u00bb text_text_color=\u00bb#ffffff\u00bb custom_margin=\u00bb30px|||\u00bb global_colors_info=\u00bb{}\u00bb]Reserva tu plaza individual*<br \/>\n[\/et_pb_text][et_pb_cta title=\u00bbSa\u00edda para ver o p\u00f4r do sol (dura\u00e7\u00e3o: 4 h)\u00bb button_url=\u00bb#\u00bb url_new_window=\u00bbon\u00bb button_text=\u00bb55 \u20ac\u00bb _builder_version=\u00bb4.14.2&#8243; header_font=\u00bbSaira Extra Condensed||||||||\u00bb header_text_align=\u00bbcenter\u00bb header_text_color=\u00bb#ffffff\u00bb header_font_size=\u00bb20px\u00bb background_color=\u00bb#3a1082&#8243; custom_button=\u00bbon\u00bb button_text_color=\u00bb#ffffff\u00bb button_border_width=\u00bb1&#8243; button_border_color=\u00bb#ffffff\u00bb button_font=\u00bbSaira Extra Condensed||||||||\u00bb button_use_icon=\u00bboff\u00bb button_alignment=\u00bbcenter\u00bb text_orientation=\u00bbleft\u00bb animation_style=\u00bbzoom\u00bb animation_direction=\u00bbbottom\u00bb button_text_color_hover=\u00bb#00a7e1&#8243; button_border_color_hover=\u00bb#00a7e1&#8243; button_bg_color_hover=\u00bbrgba(10,34,64,0.58)\u00bb global_colors_info=\u00bb{}\u00bb button_text_size__hover_enabled=\u00bboff\u00bb button_one_text_size__hover_enabled=\u00bboff\u00bb button_two_text_size__hover_enabled=\u00bboff\u00bb button_text_color__hover_enabled=\u00bboff|desktop\u00bb button_text_color__hover=\u00bb#00a7e1&#8243; button_one_text_color__hover_enabled=\u00bboff\u00bb button_two_text_color__hover_enabled=\u00bboff\u00bb button_border_width__hover_enabled=\u00bboff\u00bb button_one_border_width__hover_enabled=\u00bboff\u00bb button_two_border_width__hover_enabled=\u00bboff\u00bb button_border_color__hover_enabled=\u00bboff|desktop\u00bb button_border_color__hover=\u00bb#00a7e1&#8243; button_one_border_color__hover_enabled=\u00bboff\u00bb button_two_border_color__hover_enabled=\u00bboff\u00bb button_border_radius__hover_enabled=\u00bboff\u00bb button_one_border_radius__hover_enabled=\u00bboff\u00bb button_two_border_radius__hover_enabled=\u00bboff\u00bb button_letter_spacing__hover_enabled=\u00bboff\u00bb button_one_letter_spacing__hover_enabled=\u00bboff\u00bb button_two_letter_spacing__hover_enabled=\u00bboff\u00bb button_bg_color__hover_enabled=\u00bboff|desktop\u00bb button_bg_color__hover=\u00bbrgba(10,34,64,0.58)\u00bb button_one_bg_color__hover_enabled=\u00bboff\u00bb button_two_bg_color__hover_enabled=\u00bboff\u00bb][\/et_pb_cta][\/et_pb_column][et_pb_column type=\u00bb1_3&#8243; _builder_version=\u00bb3.25&#8243; custom_padding=\u00bb|||\u00bb global_colors_info=\u00bb{}\u00bb custom_padding__hover=\u00bb|||\u00bb][et_pb_text disabled_on=\u00bbon||\u00bb _builder_version=\u00bb3.27.4&#8243; text_font=\u00bbPoppins|700|||||||\u00bb text_text_color=\u00bb#ffffff\u00bb custom_margin=\u00bb30px|||\u00bb global_colors_info=\u00bb{}\u00bb]Alquiler de barco completo<br \/>\n[\/et_pb_text][et_pb_cta title=\u00bbAluguer de dia inteiro\u00bb button_url=\u00bb#\u00bb url_new_window=\u00bbon\u00bb button_text=\u00bb750 \u20ac\u00bb _builder_version=\u00bb4.14.2&#8243; header_font=\u00bbSaira Extra Condensed||||||||\u00bb header_text_align=\u00bbcenter\u00bb header_text_color=\u00bb#ffffff\u00bb header_font_size=\u00bb20px\u00bb background_color=\u00bb#f45900&#8243; custom_button=\u00bbon\u00bb button_text_color=\u00bb#ffffff\u00bb button_border_width=\u00bb1&#8243; button_border_color=\u00bb#ffffff\u00bb button_font=\u00bbSaira Extra Condensed||||||||\u00bb button_use_icon=\u00bboff\u00bb button_alignment=\u00bbcenter\u00bb text_orientation=\u00bbleft\u00bb animation_style=\u00bbslide\u00bb animation_direction=\u00bbright\u00bb button_text_color_hover=\u00bb#00a7e1&#8243; button_border_color_hover=\u00bb#00a7e1&#8243; button_bg_color_hover=\u00bbrgba(10,34,64,0.58)\u00bb global_colors_info=\u00bb{}\u00bb button_text_size__hover_enabled=\u00bboff\u00bb button_one_text_size__hover_enabled=\u00bboff\u00bb button_two_text_size__hover_enabled=\u00bboff\u00bb button_text_color__hover_enabled=\u00bboff|desktop\u00bb button_text_color__hover=\u00bb#00a7e1&#8243; button_one_text_color__hover_enabled=\u00bboff\u00bb button_two_text_color__hover_enabled=\u00bboff\u00bb button_border_width__hover_enabled=\u00bboff\u00bb button_one_border_width__hover_enabled=\u00bboff\u00bb button_two_border_width__hover_enabled=\u00bboff\u00bb button_border_color__hover_enabled=\u00bboff|desktop\u00bb button_border_color__hover=\u00bb#00a7e1&#8243; button_one_border_color__hover_enabled=\u00bboff\u00bb button_two_border_color__hover_enabled=\u00bboff\u00bb button_border_radius__hover_enabled=\u00bboff\u00bb button_one_border_radius__hover_enabled=\u00bboff\u00bb button_two_border_radius__hover_enabled=\u00bboff\u00bb button_letter_spacing__hover_enabled=\u00bboff\u00bb button_one_letter_spacing__hover_enabled=\u00bboff\u00bb button_two_letter_spacing__hover_enabled=\u00bboff\u00bb button_bg_color__hover_enabled=\u00bboff|desktop\u00bb button_bg_color__hover=\u00bbrgba(10,34,64,0.58)\u00bb button_one_bg_color__hover_enabled=\u00bboff\u00bb button_two_bg_color__hover_enabled=\u00bboff\u00bb][\/et_pb_cta][et_pb_text disabled_on=\u00bbon||\u00bb _builder_version=\u00bb3.27.4&#8243; text_font=\u00bbPoppins|700|||||||\u00bb text_text_color=\u00bb#ffffff\u00bb custom_margin=\u00bb30px|||\u00bb global_colors_info=\u00bb{}\u00bb]Reserva tu plaza individual*<br \/>\n[\/et_pb_text][et_pb_cta title=\u00bbPartida de dia inteiro (dura\u00e7\u00e3o: 8 h)\u00bb button_url=\u00bb#\u00bb url_new_window=\u00bbon\u00bb button_text=\u00bb75 \u20ac\u00bb _builder_version=\u00bb4.14.2&#8243; header_font=\u00bbSaira Extra Condensed||||||||\u00bb header_text_align=\u00bbcenter\u00bb header_text_color=\u00bb#ffffff\u00bb header_font_size=\u00bb20px\u00bb background_color=\u00bb#f45900&#8243; custom_button=\u00bbon\u00bb button_text_color=\u00bb#ffffff\u00bb button_border_width=\u00bb1&#8243; button_border_color=\u00bb#ffffff\u00bb button_font=\u00bbSaira Extra Condensed||||||||\u00bb button_use_icon=\u00bboff\u00bb button_alignment=\u00bbcenter\u00bb text_orientation=\u00bbleft\u00bb animation_style=\u00bbslide\u00bb animation_direction=\u00bbright\u00bb button_text_color_hover=\u00bb#00a7e1&#8243; button_border_color_hover=\u00bb#00a7e1&#8243; button_bg_color_hover=\u00bbrgba(10,34,64,0.58)\u00bb global_colors_info=\u00bb{}\u00bb button_text_size__hover_enabled=\u00bboff\u00bb button_one_text_size__hover_enabled=\u00bboff\u00bb button_two_text_size__hover_enabled=\u00bboff\u00bb button_text_color__hover_enabled=\u00bboff|desktop\u00bb button_text_color__hover=\u00bb#00a7e1&#8243; button_one_text_color__hover_enabled=\u00bboff\u00bb button_two_text_color__hover_enabled=\u00bboff\u00bb button_border_width__hover_enabled=\u00bboff\u00bb button_one_border_width__hover_enabled=\u00bboff\u00bb button_two_border_width__hover_enabled=\u00bboff\u00bb button_border_color__hover_enabled=\u00bboff|desktop\u00bb button_border_color__hover=\u00bb#00a7e1&#8243; button_one_border_color__hover_enabled=\u00bboff\u00bb button_two_border_color__hover_enabled=\u00bboff\u00bb button_border_radius__hover_enabled=\u00bboff\u00bb button_one_border_radius__hover_enabled=\u00bboff\u00bb button_two_border_radius__hover_enabled=\u00bboff\u00bb button_letter_spacing__hover_enabled=\u00bboff\u00bb button_one_letter_spacing__hover_enabled=\u00bboff\u00bb button_two_letter_spacing__hover_enabled=\u00bboff\u00bb button_bg_color__hover_enabled=\u00bboff|desktop\u00bb button_bg_color__hover=\u00bbrgba(10,34,64,0.58)\u00bb button_one_bg_color__hover_enabled=\u00bboff\u00bb button_two_bg_color__hover_enabled=\u00bboff\u00bb][\/et_pb_cta][\/et_pb_column][\/et_pb_row][\/et_pb_section]<\/p>\n","protected":false},"excerpt":{"rendered":"<p>Aluguel de barcoAluguer de barco na Ria de PontevedraReserve lugar individual em passeios em grupoAlquiler de barco completo Reserva tu plaza individual* Alquiler de barco completo Reserva tu plaza individual*<\/p>\n","protected":false},"author":1,"featured_media":0,"parent":0,"menu_order":0,"comment_status":"closed","ping_status":"closed","template":"","meta":{"_et_pb_use_builder":"on","_et_pb_old_content":"","_et_gb_content_width":"","footnotes":""},"class_list":["post-2366","page","type-page","status-publish","hentry"],"yoast_head":"<!-- This site is optimized with the Yoast SEO plugin v25.6 - https:\/\/yoast.com\/wordpress\/plugins\/seo\/ -->\n<title>Aluguer de barco na Ria de Pontevedra - Aluguer Onza Sanxenxo<\/title>\n<meta name=\"description\" content=\"Reserve o seu barco e divirta-se navegando pela Ria de Pontevedra. Tamb\u00e9m est\u00e3o dispon\u00edveis lugares individuais em passeios em grupo!\" \/>\n<meta name=\"robots\" content=\"index, follow, max-snippet:-1, max-image-preview:large, max-video-preview:-1\" \/>\n<link rel=\"canonical\" href=\"https:\/\/onzasanxenxo.com\/index.php\/alugue-o-seu-barco-em-pontevedra\/\" \/>\n<meta property=\"og:locale\" content=\"es_ES\" \/>\n<meta property=\"og:type\" content=\"article\" \/>\n<meta property=\"og:title\" content=\"Aluguer de barco na Ria de Pontevedra - Aluguer Onza Sanxenxo\" \/>\n<meta property=\"og:description\" content=\"Reserve o seu barco e divirta-se navegando pela Ria de Pontevedra. Tamb\u00e9m est\u00e3o dispon\u00edveis lugares individuais em passeios em grupo!\" \/>\n<meta property=\"og:url\" content=\"https:\/\/onzasanxenxo.com\/index.php\/alugue-o-seu-barco-em-pontevedra\/\" \/>\n<meta property=\"og:site_name\" content=\"Onza Sanxenxo\" \/>\n<meta property=\"article:modified_time\" content=\"2021-12-16T17:06:24+00:00\" \/>\n<meta name=\"twitter:card\" content=\"summary_large_image\" \/>\n<meta name=\"twitter:label1\" content=\"Tiempo de lectura\" \/>\n\t<meta name=\"twitter:data1\" content=\"10 minutos\" \/>\n<script type=\"application\/ld+json\" class=\"yoast-schema-graph\">{\"@context\":\"https:\/\/schema.org\",\"@graph\":[{\"@type\":\"WebPage\",\"@id\":\"https:\/\/onzasanxenxo.com\/index.php\/alugue-o-seu-barco-em-pontevedra\/\",\"url\":\"https:\/\/onzasanxenxo.com\/index.php\/alugue-o-seu-barco-em-pontevedra\/\",\"name\":\"Aluguer de barco na Ria de Pontevedra - Aluguer Onza Sanxenxo\",\"isPartOf\":{\"@id\":\"https:\/\/onzasanxenxo.com\/#website\"},\"datePublished\":\"2021-12-16T12:02:03+00:00\",\"dateModified\":\"2021-12-16T17:06:24+00:00\",\"description\":\"Reserve o seu barco e divirta-se navegando pela Ria de Pontevedra. Tamb\u00e9m est\u00e3o dispon\u00edveis lugares individuais em passeios em grupo!\",\"breadcrumb\":{\"@id\":\"https:\/\/onzasanxenxo.com\/index.php\/alugue-o-seu-barco-em-pontevedra\/#breadcrumb\"},\"inLanguage\":\"es\",\"potentialAction\":[{\"@type\":\"ReadAction\",\"target\":[\"https:\/\/onzasanxenxo.com\/index.php\/alugue-o-seu-barco-em-pontevedra\/\"]}]},{\"@type\":\"BreadcrumbList\",\"@id\":\"https:\/\/onzasanxenxo.com\/index.php\/alugue-o-seu-barco-em-pontevedra\/#breadcrumb\",\"itemListElement\":[{\"@type\":\"ListItem\",\"position\":1,\"name\":\"Portada\",\"item\":\"https:\/\/onzasanxenxo.com\/index.php\/es\/inicio\/\"},{\"@type\":\"ListItem\",\"position\":2,\"name\":\"Alugue o seu barco em Pontevedra\"}]},{\"@type\":\"WebSite\",\"@id\":\"https:\/\/onzasanxenxo.com\/#website\",\"url\":\"https:\/\/onzasanxenxo.com\/\",\"name\":\"Onza Sanxenxo\",\"description\":\"Charter n\u00e1utico\",\"publisher\":{\"@id\":\"https:\/\/onzasanxenxo.com\/#organization\"},\"potentialAction\":[{\"@type\":\"SearchAction\",\"target\":{\"@type\":\"EntryPoint\",\"urlTemplate\":\"https:\/\/onzasanxenxo.com\/?s={search_term_string}\"},\"query-input\":{\"@type\":\"PropertyValueSpecification\",\"valueRequired\":true,\"valueName\":\"search_term_string\"}}],\"inLanguage\":\"es\"},{\"@type\":\"Organization\",\"@id\":\"https:\/\/onzasanxenxo.com\/#organization\",\"name\":\"ONZA SANXENXO\",\"url\":\"https:\/\/onzasanxenxo.com\/\",\"logo\":{\"@type\":\"ImageObject\",\"inLanguage\":\"es\",\"@id\":\"https:\/\/onzasanxenxo.com\/#\/schema\/logo\/image\/\",\"url\":\"https:\/\/onzasanxenxo.com\/wp-content\/uploads\/logo_onza.png\",\"contentUrl\":\"https:\/\/onzasanxenxo.com\/wp-content\/uploads\/logo_onza.png\",\"width\":172,\"height\":141,\"caption\":\"ONZA SANXENXO\"},\"image\":{\"@id\":\"https:\/\/onzasanxenxo.com\/#\/schema\/logo\/image\/\"}}]}<\/script>\n<!-- \/ Yoast SEO plugin. -->","yoast_head_json":{"title":"Aluguer de barco na Ria de Pontevedra - Aluguer Onza Sanxenxo","description":"Reserve o seu barco e divirta-se navegando pela Ria de Pontevedra. Tamb\u00e9m est\u00e3o dispon\u00edveis lugares individuais em passeios em grupo!","robots":{"index":"index","follow":"follow","max-snippet":"max-snippet:-1","max-image-preview":"max-image-preview:large","max-video-preview":"max-video-preview:-1"},"canonical":"https:\/\/onzasanxenxo.com\/index.php\/alugue-o-seu-barco-em-pontevedra\/","og_locale":"es_ES","og_type":"article","og_title":"Aluguer de barco na Ria de Pontevedra - Aluguer Onza Sanxenxo","og_description":"Reserve o seu barco e divirta-se navegando pela Ria de Pontevedra. Tamb\u00e9m est\u00e3o dispon\u00edveis lugares individuais em passeios em grupo!","og_url":"https:\/\/onzasanxenxo.com\/index.php\/alugue-o-seu-barco-em-pontevedra\/","og_site_name":"Onza Sanxenxo","article_modified_time":"2021-12-16T17:06:24+00:00","twitter_card":"summary_large_image","twitter_misc":{"Tiempo de lectura":"10 minutos"},"schema":{"@context":"https:\/\/schema.org","@graph":[{"@type":"WebPage","@id":"https:\/\/onzasanxenxo.com\/index.php\/alugue-o-seu-barco-em-pontevedra\/","url":"https:\/\/onzasanxenxo.com\/index.php\/alugue-o-seu-barco-em-pontevedra\/","name":"Aluguer de barco na Ria de Pontevedra - Aluguer Onza Sanxenxo","isPartOf":{"@id":"https:\/\/onzasanxenxo.com\/#website"},"datePublished":"2021-12-16T12:02:03+00:00","dateModified":"2021-12-16T17:06:24+00:00","description":"Reserve o seu barco e divirta-se navegando pela Ria de Pontevedra. Tamb\u00e9m est\u00e3o dispon\u00edveis lugares individuais em passeios em grupo!","breadcrumb":{"@id":"https:\/\/onzasanxenxo.com\/index.php\/alugue-o-seu-barco-em-pontevedra\/#breadcrumb"},"inLanguage":"es","potentialAction":[{"@type":"ReadAction","target":["https:\/\/onzasanxenxo.com\/index.php\/alugue-o-seu-barco-em-pontevedra\/"]}]},{"@type":"BreadcrumbList","@id":"https:\/\/onzasanxenxo.com\/index.php\/alugue-o-seu-barco-em-pontevedra\/#breadcrumb","itemListElement":[{"@type":"ListItem","position":1,"name":"Portada","item":"https:\/\/onzasanxenxo.com\/index.php\/es\/inicio\/"},{"@type":"ListItem","position":2,"name":"Alugue o seu barco em Pontevedra"}]},{"@type":"WebSite","@id":"https:\/\/onzasanxenxo.com\/#website","url":"https:\/\/onzasanxenxo.com\/","name":"Onza Sanxenxo","description":"Charter n\u00e1utico","publisher":{"@id":"https:\/\/onzasanxenxo.com\/#organization"},"potentialAction":[{"@type":"SearchAction","target":{"@type":"EntryPoint","urlTemplate":"https:\/\/onzasanxenxo.com\/?s={search_term_string}"},"query-input":{"@type":"PropertyValueSpecification","valueRequired":true,"valueName":"search_term_string"}}],"inLanguage":"es"},{"@type":"Organization","@id":"https:\/\/onzasanxenxo.com\/#organization","name":"ONZA SANXENXO","url":"https:\/\/onzasanxenxo.com\/","logo":{"@type":"ImageObject","inLanguage":"es","@id":"https:\/\/onzasanxenxo.com\/#\/schema\/logo\/image\/","url":"https:\/\/onzasanxenxo.com\/wp-content\/uploads\/logo_onza.png","contentUrl":"https:\/\/onzasanxenxo.com\/wp-content\/uploads\/logo_onza.png","width":172,"height":141,"caption":"ONZA SANXENXO"},"image":{"@id":"https:\/\/onzasanxenxo.com\/#\/schema\/logo\/image\/"}}]}},"_links":{"self":[{"href":"https:\/\/onzasanxenxo.com\/index.php\/wp-json\/wp\/v2\/pages\/2366","targetHints":{"allow":["GET"]}}],"collection":[{"href":"https:\/\/onzasanxenxo.com\/index.php\/wp-json\/wp\/v2\/pages"}],"about":[{"href":"https:\/\/onzasanxenxo.com\/index.php\/wp-json\/wp\/v2\/types\/page"}],"author":[{"embeddable":true,"href":"https:\/\/onzasanxenxo.com\/index.php\/wp-json\/wp\/v2\/users\/1"}],"replies":[{"embeddable":true,"href":"https:\/\/onzasanxenxo.com\/index.php\/wp-json\/wp\/v2\/comments?post=2366"}],"version-history":[{"count":8,"href":"https:\/\/onzasanxenxo.com\/index.php\/wp-json\/wp\/v2\/pages\/2366\/revisions"}],"predecessor-version":[{"id":2446,"href":"https:\/\/onzasanxenxo.com\/index.php\/wp-json\/wp\/v2\/pages\/2366\/revisions\/2446"}],"wp:attachment":[{"href":"https:\/\/onzasanxenxo.com\/index.php\/wp-json\/wp\/v2\/media?parent=2366"}],"curies":[{"name":"wp","href":"https:\/\/api.w.org\/{rel}","templated":true}]}}