{"id":2357,"date":"2021-12-16T11:37:40","date_gmt":"2021-12-16T11:37:40","guid":{"rendered":"https:\/\/onzasanxenxo.com\/?page_id=2357"},"modified":"2021-12-16T11:45:50","modified_gmt":"2021-12-16T11:45:50","slug":"aviso-legal-e-politica-de-privacidade","status":"publish","type":"page","link":"https:\/\/onzasanxenxo.com\/index.php\/aviso-legal-e-politica-de-privacidade\/","title":{"rendered":"Aviso legal e pol\u00edtica de privacidade"},"content":{"rendered":"<p>[et_pb_section fb_built=\u00bb1&#8243; _builder_version=\u00bb3.22&#8243; global_colors_info=\u00bb{}\u00bb][et_pb_row _builder_version=\u00bb3.25&#8243; background_size=\u00bbinitial\u00bb background_position=\u00bbtop_left\u00bb background_repeat=\u00bbrepeat\u00bb global_colors_info=\u00bb{}\u00bb][et_pb_column type=\u00bb4_4&#8243; _builder_version=\u00bb3.25&#8243; custom_padding=\u00bb|||\u00bb global_colors_info=\u00bb{}\u00bb custom_padding__hover=\u00bb|||\u00bb][et_pb_text _builder_version=\u00bb4.14.2&#8243; background_size=\u00bbinitial\u00bb background_position=\u00bbtop_left\u00bb background_repeat=\u00bbrepeat\u00bb custom_margin=\u00bb8%||8%||true|false\u00bb hover_enabled=\u00bb0&#8243; global_colors_info=\u00bb{}\u00bb sticky_enabled=\u00bb0&#8243;]<\/p>\n<h1>Aviso Legal<\/h1>\n<p>&nbsp;<\/p>\n<p>Apresentamos a seguir os dados necess\u00e1rios para o devido cumprimento do artigo 10 da Lei 34\/2002, de 11 de julho, sobre Servi\u00e7os da Sociedade da Informa\u00e7\u00e3o e Com\u00e9rcio Eletr\u00f4nico:<br \/>\nO propriet\u00e1rio deste site \u00e9 CARLOS SABOR CAMI\u00d1A, com DNI 76824535G e endere\u00e7o fiscal em Independencia 6 P02, Portonovo (Sanxenxo). Para nos contactar, pode faz\u00ea-lo atrav\u00e9s do email <a href=\"mailto:lopd@onzasanxenxo.com\">lopd@onzasanxenxo.com<\/a>.<\/p>\n<p>&nbsp;<\/p>\n<h1>Objetivo da web<\/h1>\n<p>&nbsp;<\/p>\n<p>O site www.onzasanxenxo.com foi concebido para vender a particulares os servi\u00e7os de aluguer de barcos associados. O site pode conter erros tipogr\u00e1ficos que podem ser resolvidos pessoalmente pela equipe. Nestes casos, nos reservamos o direito de cancelar pedidos.<\/p>\n<p>&nbsp;<\/p>\n<h1 class=\"entry-title\">Pol\u00edtica de prote\u00e7\u00e3o de dados<\/h1>\n<p><strong><\/strong><\/p>\n<p><strong>Prote\u00e7\u00e3o de Dados &#8211; Emails<\/strong><\/p>\n<p>INFORMA\u00c7\u00d5ES B\u00c1SICAS SOBRE PROTE\u00c7\u00c3O DE DADOS: De acordo com as disposi\u00e7\u00f5es do atual regulamento de Prote\u00e7\u00e3o de Dados Pessoais, informamos que o respons\u00e1vel pelo tratamento dos dados pessoais recolhidos \u00e9 CARLOS SABOR CAMI\u00d1A, cuja finalidade \u00e9 poder responder a todas as perguntas e tipos de gest\u00e3o efectuada por este meio de comunica\u00e7\u00e3o. Seus dados n\u00e3o ser\u00e3o transferidos a terceiros, exceto por obriga\u00e7\u00e3o legal.<br \/>\nVoc\u00ea tem o direito de acessar, retificar ou excluir dados err\u00f4neos, solicitar a limita\u00e7\u00e3o do processamento de seus dados, bem como se opor ou retirar o consentimento a qualquer momento. Voc\u00ea pode enviar sua pr\u00f3pria solicita\u00e7\u00e3o acompanhada de uma c\u00f3pia de seu documento de identidade para comprovar sua identidade em lopd@onzasanxenxo.com<br \/>\nVoc\u00ea pode consultar as informa\u00e7\u00f5es adicionais e detalhadas sobre Prote\u00e7\u00e3o de Dados solicitando-as por e-mail: lopd@onzasanxenxo.com<\/p>\n<p><strong><\/strong><\/p>\n<p><strong>Pol\u00edtica de prote\u00e7\u00e3o de dados<\/strong><\/p>\n<p>Em conformidade com as disposi\u00e7\u00f5es das normas de Prote\u00e7\u00e3o de Dados Pessoais, informamos que voc\u00ea est\u00e1 fornecendo seus dados pessoais ao Gerente de Tratamento: CARLOS SABOR CAMI\u00d1A, com endere\u00e7o em Independencia 6 P02 &#8211; Portonovo &#8211; Sanxenxo, Espanha e e-mail lopd@onzasanxenxo.com.<\/p>\n<p><strong><\/strong><\/p>\n<p><strong>1. Objetivo do Tratamento<\/strong><br \/>\nOs dados recolhidos ser\u00e3o apenas os detalhados no formul\u00e1rio de contacto, bem como os que nos fornecer na sec\u00e7\u00e3o \u00abComent\u00e1rios\u00bb. CARLOS SABOR CAMI\u00d1A pode processar os seus dados pessoais de acordo com os seguintes fins:<br \/>\n* Gerencie sua navega\u00e7\u00e3o no site.<br \/>\n* Gerenciar o Servi\u00e7o de Atendimento ao Cliente, para responder \u00e0s d\u00favidas, reclama\u00e7\u00f5es, coment\u00e1rios ou inquieta\u00e7\u00f5es que possa ter sobre as informa\u00e7\u00f5es inclu\u00eddas no Site, bem como quaisquer outras d\u00favidas que possa ter.<br \/>\n* Gerenciar o cumprimento, a manuten\u00e7\u00e3o, o desenvolvimento e o controle das rela\u00e7\u00f5es que CARLOS SABOR CAMI\u00d1A mant\u00e9m com voc\u00ea.<br \/>\nO n\u00e3o fornecimento de algumas informa\u00e7\u00f5es indicadas como obrigat\u00f3rias pode significar que n\u00e3o \u00e9 poss\u00edvel administrar sua solicita\u00e7\u00e3o por meio do formul\u00e1rio de contato.<br \/>\nNo caso de voc\u00ea nos fornecer Dados Pessoais de terceiros, voc\u00ea \u00e9 respons\u00e1vel por ter informado e obtido seu consentimento para serem fornecidos para os fins indicados nas se\u00e7\u00f5es correspondentes desta Pol\u00edtica de Privacidade e Cookies.<\/p>\n<p><strong><\/strong><\/p>\n<p><strong>2. Legitima\u00e7\u00e3o do processamento de seus dados pessoais<\/strong><br \/>\nA legitima\u00e7\u00e3o baseia-se no consentimento que nos concede clicando no bot\u00e3o \u00abACEITO A POL\u00cdTICA DE PROTEC\u00c7\u00c3O DE DADOS\u00bb.<\/p>\n<p><strong><\/strong><\/p>\n<p><strong>3. Destinat\u00e1rios de atribui\u00e7\u00f5es<\/strong><br \/>\nN\u00e3o iremos fornecer seus dados a terceiros.<\/p>\n<p><strong><\/strong><\/p>\n<p><strong>4. Direitos<\/strong><br \/>\nPor fim, informamos voc\u00ea sobre seus direitos em rela\u00e7\u00e3o \u00e0 prote\u00e7\u00e3o de dados.<br \/>\n&#8211; Direito de solicitar acesso aos seus dados pessoais.<br \/>\n&#8211; Direito de solicitar retifica\u00e7\u00e3o ou exclus\u00e3o (direito ao esquecimento).<br \/>\n&#8211; Direito de solicitar a limita\u00e7\u00e3o do seu tratamento e de se opor ao tratamento.<br \/>\n&#8211; Direito \u00e0 portabilidade dos dados.<\/p>\n<p>Para exercer os seus direitos, basta fazer um pedido por escrito e acompanhar com uma c\u00f3pia do seu documento de identifica\u00e7\u00e3o.<\/p>\n<p><strong><\/strong><\/p>\n<p><strong>5. Medidas de seguran\u00e7a<\/strong><br \/>\nCARLOS SABOR CAMI\u00d1A implementou as medidas t\u00e9cnicas e organizacionais necess\u00e1rias para garantir a seguran\u00e7a dos seus dados pessoais e evitar a sua altera\u00e7\u00e3o, perda e tratamento e \/ ou acesso n\u00e3o autorizado, tendo em conta o estado da tecnologia, a natureza dos dados armazenados e os riscos decorrentes da a\u00e7\u00e3o humana ou do ambiente f\u00edsico e natural a que est\u00e3o expostos.[\/et_pb_text][\/et_pb_column][\/et_pb_row][\/et_pb_section]<\/p>\n","protected":false},"excerpt":{"rendered":"<p>Aviso Legal &nbsp; Apresentamos a seguir os dados necess\u00e1rios para o devido cumprimento do artigo 10 da Lei 34\/2002, de 11 de julho, sobre Servi\u00e7os da Sociedade da Informa\u00e7\u00e3o e Com\u00e9rcio Eletr\u00f4nico: O propriet\u00e1rio deste site \u00e9 CARLOS SABOR CAMI\u00d1A, com DNI 76824535G e endere\u00e7o fiscal em Independencia 6 P02, Portonovo (Sanxenxo). Para nos contactar, [&hellip;]<\/p>\n","protected":false},"author":1,"featured_media":0,"parent":0,"menu_order":0,"comment_status":"closed","ping_status":"closed","template":"","meta":{"_et_pb_use_builder":"on","_et_pb_old_content":"<div class=\"et_pb_module et_pb_post_title et_pb_post_title_0 et_pb_bg_layout_light et_pb_text_align_left\">\r\n<div class=\"et_pb_title_container\">\r\n<h1>Aviso Legal<\/h1>\r\nExponemos a continuaci\u00f3n los datos necesarios para el debido cumplimiento del art\u00edculo 10 de la Ley 34\/2002, de 11 de julio, de Servicios de la Sociedad de la Informaci\u00f3n y Comercio Electr\u00f3nico:\r\nEl titular de esta p\u00e1gina web es CARLOS SABOR CAMI\u00d1A, con DNI 76824535G\u00a0 y domicilio fiscal en Independencia 6 P02, Portonovo (Sanxenxo). Para contactar con nosotros podr\u00e1s hacerlo a trav\u00e9s del correo electr\u00f3nico lopd@onzasanxenxo.com.\r\n<h1>Objeto de la web<\/h1>\r\nEl sitio web www.onzasanxenxo.com ha sido dise\u00f1ado para vender a particulares los servicios de alquiler de las embarcaciones asociadas. La web puede contener errores tipogr\u00e1ficos que podr\u00e1n ser resueltos personalmente por el equipo. En estos casos, nos reservamos el derecho de cancelar los pedidos.\r\n<h1 class=\"entry-title\">Pol\u00edtica de Protecci\u00f3n de Datos<\/h1>\r\n<\/div>\r\n<\/div>\r\n<div class=\"et_pb_module et_pb_text et_pb_text_0 et_pb_bg_layout_light et_pb_text_align_left\">\r\n<div class=\"et_pb_text_inner\">\r\n\r\n<strong>Protecci\u00f3n de Datos \u2013 Correos Electr\u00f3nicos<\/strong>\r\n\r\nINFORMACI\u00d3N B\u00c1SICA SOBRE PROTECCI\u00d3N DE DATOS: De conformidad a lo dispuesto en la actual normativa de Protecci\u00f3n de Datos de Car\u00e1cter personal, le informamos que el responsable de tratamiento de los datos de car\u00e1cter personal recogidos es CARLOS SABOR CAMI\u00d1A, cuya finalidad es poder atender las consultas y cualquier tipo de gesti\u00f3n realizada por este medio de comunicaci\u00f3n. Sus datos no se ceder\u00e1n a terceros, salvo por obligaci\u00f3n legal.\r\nTiene usted derecho a acceder, rectificar o suprimir los datos err\u00f3neos, solicitar la limitaci\u00f3n del tratamiento de sus datos as\u00ed como oponerse o retirar el consentimiento en cualquier momento. Puede presentar su propia solicitud acompa\u00f1ada de una copia de su DNI para acreditar su identidad en lopd@onzasanxenxo.com\r\nPuede consultar la informaci\u00f3n adicional y detallada sobre Protecci\u00f3n de Datos solicit\u00e1ndola por correo electr\u00f3nico: lopd@onzasanxenxo.com\r\n\r\n<strong>Pol\u00edtica de Protecci\u00f3n de Datos<\/strong>\r\n\r\nDe acuerdo con lo establecido por la normativa de Protecci\u00f3n de Datos de Car\u00e1cter Personal, le informamos que est\u00e1 facilitando sus datos de car\u00e1cter personal al Responsable de Tratamiento: CARLOS SABOR CAMI\u00d1A, con direcci\u00f3n en Independencia 6 P02 \u2013 Portonovo - Sanxenxo, Espa\u00f1a y correo electr\u00f3nico lopd@onzasanxenxo.com.\r\n\r\n<strong>1. Finalidad del Tratamiento<\/strong>\r\nLos datos recopilados ser\u00e1n \u00fanicamente los detallados en el formulario de contacto, as\u00ed como aquellos que usted mismo nos facilite en el apartado \u201cComentarios\u201d. CARLOS SABOR CAMI\u00d1A podr\u00e1 tratar sus datos de car\u00e1cter personal de acuerdo con las siguientes finalidades:\r\n* Gestionar su navegaci\u00f3n a trav\u00e9s del Sitio Web.\r\n* Gestionar el servicio de Atenci\u00f3n al Cliente, para dar respuesta a las dudas, quejas, comentarios o inquietudes que pueda tener relativas a la informaci\u00f3n incluida en el Sitio Web, as\u00ed como cualesquiera otras consultas que pueda tener.\r\n* Gestionar el cumplimiento, mantenimiento, desarrollo y control de cualesquiera relaciones que CARLOS SABOR CAMI\u00d1A mantenga con usted.\r\nEl hecho de no facilitar cierta informaci\u00f3n se\u00f1alada como obligatoria, puede conllevar que no sea posible gestionar su petici\u00f3n a trav\u00e9s del formulario de contacto.\r\nEn el caso de que nos aporte Datos Personales de terceros, usted se responsabiliza de haber informado y haber obtenido el consentimiento de estos para ser aportados con las finalidades indicadas en los apartados correspondientes de la presente Pol\u00edtica de\u00a0Privacidad y Cookies.\r\n\r\n<strong>2. Legitimaci\u00f3n del Tratamiento de sus Datos de Car\u00e1cter Personal<\/strong>\r\nLa legitimaci\u00f3n se basa en el consentimiento que usted nos otorga al clicar el bot\u00f3n \u201cACEPTO LA POL\u00cdTICA DE PROTECCI\u00d3N DE DATOS\u201d.\r\n\r\n<strong>3. Destinatarios de Cesiones<\/strong>\r\nNo cederemos sus datos a terceros.\r\n\r\n<strong>4. Derechos<\/strong>\r\nPor \u00faltimo, le informamos de sus derechos en materia de protecci\u00f3n de datos.\r\n\u2013 Derecho a solicitar el acceso a sus datos personales.\r\n\u2013 Derecho a solicitar su rectificaci\u00f3n o supresi\u00f3n (derecho al olvido).\r\n\u2013 Derecho a solicitar la limitaci\u00f3n de su tratamiento, y a oponerse al tratamiento.\r\n\u2013 Derecho a la portabilidad de los datos.\r\n\r\nPara ejercer sus derechos no tiene m\u00e1s que realizar una solicitud por escrito y acompa\u00f1arla de una copia de su DNI.\r\n\r\n<strong>5. Medidas de Seguridad<\/strong>\r\nCARLOS SABOR CAMI\u00d1A tiene implantadas las medidas t\u00e9cnicas y organizativas necesarias para garantizar la seguridad de sus datos de car\u00e1cter personal y evitar su alteraci\u00f3n, la p\u00e9rdida y el tratamiento y\/o el acceso no autorizado, teniendo en cuenta el estado de la tecnolog\u00eda, la naturaleza de los datos almacenados y los riesgos provenientes de la acci\u00f3n humana o del medio f\u00edsico y natural a que est\u00e1n expuestas.\r\n\r\n<\/div>\r\n<\/div>","_et_gb_content_width":"","footnotes":""},"class_list":["post-2357","page","type-page","status-publish","hentry"],"yoast_head":"<!-- This site is optimized with the Yoast SEO plugin v25.6 - https:\/\/yoast.com\/wordpress\/plugins\/seo\/ -->\n<title>Aviso legal e pol\u00edtica de privacidade - Onza Sanxenxo<\/title>\n<meta name=\"robots\" content=\"index, follow, max-snippet:-1, max-image-preview:large, max-video-preview:-1\" \/>\n<link rel=\"canonical\" href=\"https:\/\/onzasanxenxo.com\/index.php\/aviso-legal-e-politica-de-privacidade\/\" \/>\n<meta property=\"og:locale\" content=\"es_ES\" \/>\n<meta property=\"og:type\" content=\"article\" \/>\n<meta property=\"og:title\" content=\"Aviso legal e pol\u00edtica de privacidade - Onza Sanxenxo\" \/>\n<meta property=\"og:description\" content=\"Aviso Legal &nbsp; Apresentamos a seguir os dados necess\u00e1rios para o devido cumprimento do artigo 10 da Lei 34\/2002, de 11 de julho, sobre Servi\u00e7os da Sociedade da Informa\u00e7\u00e3o e Com\u00e9rcio Eletr\u00f4nico: O propriet\u00e1rio deste site \u00e9 CARLOS SABOR CAMI\u00d1A, com DNI 76824535G e endere\u00e7o fiscal em Independencia 6 P02, Portonovo (Sanxenxo). Para nos contactar, [&hellip;]\" \/>\n<meta property=\"og:url\" content=\"https:\/\/onzasanxenxo.com\/index.php\/aviso-legal-e-politica-de-privacidade\/\" \/>\n<meta property=\"og:site_name\" content=\"Onza Sanxenxo\" \/>\n<meta property=\"article:modified_time\" content=\"2021-12-16T11:45:50+00:00\" \/>\n<meta name=\"twitter:card\" content=\"summary_large_image\" \/>\n<meta name=\"twitter:label1\" content=\"Tiempo de lectura\" \/>\n\t<meta name=\"twitter:data1\" content=\"4 minutos\" \/>\n<script type=\"application\/ld+json\" class=\"yoast-schema-graph\">{\"@context\":\"https:\/\/schema.org\",\"@graph\":[{\"@type\":\"WebPage\",\"@id\":\"https:\/\/onzasanxenxo.com\/index.php\/aviso-legal-e-politica-de-privacidade\/\",\"url\":\"https:\/\/onzasanxenxo.com\/index.php\/aviso-legal-e-politica-de-privacidade\/\",\"name\":\"Aviso legal e pol\u00edtica de privacidade - Onza Sanxenxo\",\"isPartOf\":{\"@id\":\"https:\/\/onzasanxenxo.com\/#website\"},\"datePublished\":\"2021-12-16T11:37:40+00:00\",\"dateModified\":\"2021-12-16T11:45:50+00:00\",\"breadcrumb\":{\"@id\":\"https:\/\/onzasanxenxo.com\/index.php\/aviso-legal-e-politica-de-privacidade\/#breadcrumb\"},\"inLanguage\":\"es\",\"potentialAction\":[{\"@type\":\"ReadAction\",\"target\":[\"https:\/\/onzasanxenxo.com\/index.php\/aviso-legal-e-politica-de-privacidade\/\"]}]},{\"@type\":\"BreadcrumbList\",\"@id\":\"https:\/\/onzasanxenxo.com\/index.php\/aviso-legal-e-politica-de-privacidade\/#breadcrumb\",\"itemListElement\":[{\"@type\":\"ListItem\",\"position\":1,\"name\":\"Portada\",\"item\":\"https:\/\/onzasanxenxo.com\/index.php\/es\/inicio\/\"},{\"@type\":\"ListItem\",\"position\":2,\"name\":\"Aviso legal e pol\u00edtica de privacidade\"}]},{\"@type\":\"WebSite\",\"@id\":\"https:\/\/onzasanxenxo.com\/#website\",\"url\":\"https:\/\/onzasanxenxo.com\/\",\"name\":\"Onza Sanxenxo\",\"description\":\"Charter n\u00e1utico\",\"publisher\":{\"@id\":\"https:\/\/onzasanxenxo.com\/#organization\"},\"potentialAction\":[{\"@type\":\"SearchAction\",\"target\":{\"@type\":\"EntryPoint\",\"urlTemplate\":\"https:\/\/onzasanxenxo.com\/?s={search_term_string}\"},\"query-input\":{\"@type\":\"PropertyValueSpecification\",\"valueRequired\":true,\"valueName\":\"search_term_string\"}}],\"inLanguage\":\"es\"},{\"@type\":\"Organization\",\"@id\":\"https:\/\/onzasanxenxo.com\/#organization\",\"name\":\"ONZA SANXENXO\",\"url\":\"https:\/\/onzasanxenxo.com\/\",\"logo\":{\"@type\":\"ImageObject\",\"inLanguage\":\"es\",\"@id\":\"https:\/\/onzasanxenxo.com\/#\/schema\/logo\/image\/\",\"url\":\"https:\/\/onzasanxenxo.com\/wp-content\/uploads\/logo_onza.png\",\"contentUrl\":\"https:\/\/onzasanxenxo.com\/wp-content\/uploads\/logo_onza.png\",\"width\":172,\"height\":141,\"caption\":\"ONZA SANXENXO\"},\"image\":{\"@id\":\"https:\/\/onzasanxenxo.com\/#\/schema\/logo\/image\/\"}}]}<\/script>\n<!-- \/ Yoast SEO plugin. -->","yoast_head_json":{"title":"Aviso legal e pol\u00edtica de privacidade - Onza Sanxenxo","robots":{"index":"index","follow":"follow","max-snippet":"max-snippet:-1","max-image-preview":"max-image-preview:large","max-video-preview":"max-video-preview:-1"},"canonical":"https:\/\/onzasanxenxo.com\/index.php\/aviso-legal-e-politica-de-privacidade\/","og_locale":"es_ES","og_type":"article","og_title":"Aviso legal e pol\u00edtica de privacidade - Onza Sanxenxo","og_description":"Aviso Legal &nbsp; Apresentamos a seguir os dados necess\u00e1rios para o devido cumprimento do artigo 10 da Lei 34\/2002, de 11 de julho, sobre Servi\u00e7os da Sociedade da Informa\u00e7\u00e3o e Com\u00e9rcio Eletr\u00f4nico: O propriet\u00e1rio deste site \u00e9 CARLOS SABOR CAMI\u00d1A, com DNI 76824535G e endere\u00e7o fiscal em Independencia 6 P02, Portonovo (Sanxenxo). Para nos contactar, [&hellip;]","og_url":"https:\/\/onzasanxenxo.com\/index.php\/aviso-legal-e-politica-de-privacidade\/","og_site_name":"Onza Sanxenxo","article_modified_time":"2021-12-16T11:45:50+00:00","twitter_card":"summary_large_image","twitter_misc":{"Tiempo de lectura":"4 minutos"},"schema":{"@context":"https:\/\/schema.org","@graph":[{"@type":"WebPage","@id":"https:\/\/onzasanxenxo.com\/index.php\/aviso-legal-e-politica-de-privacidade\/","url":"https:\/\/onzasanxenxo.com\/index.php\/aviso-legal-e-politica-de-privacidade\/","name":"Aviso legal e pol\u00edtica de privacidade - Onza Sanxenxo","isPartOf":{"@id":"https:\/\/onzasanxenxo.com\/#website"},"datePublished":"2021-12-16T11:37:40+00:00","dateModified":"2021-12-16T11:45:50+00:00","breadcrumb":{"@id":"https:\/\/onzasanxenxo.com\/index.php\/aviso-legal-e-politica-de-privacidade\/#breadcrumb"},"inLanguage":"es","potentialAction":[{"@type":"ReadAction","target":["https:\/\/onzasanxenxo.com\/index.php\/aviso-legal-e-politica-de-privacidade\/"]}]},{"@type":"BreadcrumbList","@id":"https:\/\/onzasanxenxo.com\/index.php\/aviso-legal-e-politica-de-privacidade\/#breadcrumb","itemListElement":[{"@type":"ListItem","position":1,"name":"Portada","item":"https:\/\/onzasanxenxo.com\/index.php\/es\/inicio\/"},{"@type":"ListItem","position":2,"name":"Aviso legal e pol\u00edtica de privacidade"}]},{"@type":"WebSite","@id":"https:\/\/onzasanxenxo.com\/#website","url":"https:\/\/onzasanxenxo.com\/","name":"Onza Sanxenxo","description":"Charter n\u00e1utico","publisher":{"@id":"https:\/\/onzasanxenxo.com\/#organization"},"potentialAction":[{"@type":"SearchAction","target":{"@type":"EntryPoint","urlTemplate":"https:\/\/onzasanxenxo.com\/?s={search_term_string}"},"query-input":{"@type":"PropertyValueSpecification","valueRequired":true,"valueName":"search_term_string"}}],"inLanguage":"es"},{"@type":"Organization","@id":"https:\/\/onzasanxenxo.com\/#organization","name":"ONZA SANXENXO","url":"https:\/\/onzasanxenxo.com\/","logo":{"@type":"ImageObject","inLanguage":"es","@id":"https:\/\/onzasanxenxo.com\/#\/schema\/logo\/image\/","url":"https:\/\/onzasanxenxo.com\/wp-content\/uploads\/logo_onza.png","contentUrl":"https:\/\/onzasanxenxo.com\/wp-content\/uploads\/logo_onza.png","width":172,"height":141,"caption":"ONZA SANXENXO"},"image":{"@id":"https:\/\/onzasanxenxo.com\/#\/schema\/logo\/image\/"}}]}},"_links":{"self":[{"href":"https:\/\/onzasanxenxo.com\/index.php\/wp-json\/wp\/v2\/pages\/2357","targetHints":{"allow":["GET"]}}],"collection":[{"href":"https:\/\/onzasanxenxo.com\/index.php\/wp-json\/wp\/v2\/pages"}],"about":[{"href":"https:\/\/onzasanxenxo.com\/index.php\/wp-json\/wp\/v2\/types\/page"}],"author":[{"embeddable":true,"href":"https:\/\/onzasanxenxo.com\/index.php\/wp-json\/wp\/v2\/users\/1"}],"replies":[{"embeddable":true,"href":"https:\/\/onzasanxenxo.com\/index.php\/wp-json\/wp\/v2\/comments?post=2357"}],"version-history":[{"count":3,"href":"https:\/\/onzasanxenxo.com\/index.php\/wp-json\/wp\/v2\/pages\/2357\/revisions"}],"predecessor-version":[{"id":2361,"href":"https:\/\/onzasanxenxo.com\/index.php\/wp-json\/wp\/v2\/pages\/2357\/revisions\/2361"}],"wp:attachment":[{"href":"https:\/\/onzasanxenxo.com\/index.php\/wp-json\/wp\/v2\/media?parent=2357"}],"curies":[{"name":"wp","href":"https:\/\/api.w.org\/{rel}","templated":true}]}}